{"id":7358,"date":"2024-03-22T12:41:00","date_gmt":"2024-03-22T11:41:00","guid":{"rendered":"https:\/\/rr-rieger.com\/impressao\/"},"modified":"2025-08-11T13:11:46","modified_gmt":"2025-08-11T11:11:46","slug":"impressao","status":"publish","type":"page","link":"https:\/\/rr-rieger.com\/pt-pt\/impressao\/","title":{"rendered":"Impress\u00e3o"},"content":{"rendered":"\t\t<div data-elementor-type=\"wp-page\" data-elementor-id=\"7358\" class=\"elementor elementor-7358 elementor-1436\" data-elementor-post-type=\"page\">\n\t\t\t\t<div class=\"elementor-element elementor-element-ecae027 e-flex e-con-boxed e-con e-parent\" data-id=\"ecae027\" data-element_type=\"container\" data-e-type=\"container\" data-settings=\"{&quot;background_background&quot;:&quot;classic&quot;,&quot;jet_parallax_layout_list&quot;:[]}\">\n\t\t\t\t\t<div class=\"e-con-inner\">\n\t\t\t\t\t<\/div>\n\t\t\t\t<\/div>\n\t\t<div class=\"elementor-element elementor-element-1916412 e-flex e-con-boxed e-con e-parent\" data-id=\"1916412\" data-element_type=\"container\" data-e-type=\"container\" data-settings=\"{&quot;jet_parallax_layout_list&quot;:[]}\">\n\t\t\t\t\t<div class=\"e-con-inner\">\n\t\t\t\t<div class=\"elementor-element elementor-element-931da59 elementor-widget__width-inherit elementor-widget elementor-widget-heading\" data-id=\"931da59\" data-element_type=\"widget\" data-e-type=\"widget\" data-widget_type=\"heading.default\">\n\t\t\t\t<div class=\"elementor-widget-container\">\n\t\t\t\t\t<h2 class=\"elementor-heading-title elementor-size-default\">Impress\u00e3o<\/h2>\t\t\t\t<\/div>\n\t\t\t\t<\/div>\n\t\t\t\t<div class=\"elementor-element elementor-element-a925164 elementor-widget elementor-widget-text-editor\" data-id=\"a925164\" data-element_type=\"widget\" data-e-type=\"widget\" data-widget_type=\"text-editor.default\">\n\t\t\t\t<div class=\"elementor-widget-container\">\n\t\t\t\t\t\t\t\t\t<p>Gebr. Rieger GmbH + Co. KG<br>Kochertalstra\u00dfe 32<br>73431 Aalen<\/p><p>Registo comercial: HRA 799A<br>Tribunal de registo: Tribunal de registo de Aalen<\/p><p><strong>Representado por:<\/strong><br>Gebr. Rieger GmbH + Co. KG<br>Kochertalstra\u00dfe 32<br>73431 Aalen<\/p><p>Representada por:<br>Wolf Ehrenberg M.A.<br>Harry Ehrenberg Dipl.-Phys.<br>Andre Hoppe<\/p><p>Registo comercial: HRA 799A<br>Tribunal de registo: Tribunal de registo de Aalen<\/p><h2>Contacta-nos<\/h2><p>Telefone: +49 7361 5702-0<br>Fax: +49 7361 5702-51<br>E-mail: info@rr-rieger.de<\/p><h2>ID do imposto sobre vendas<\/h2><p>N\u00famero de identifica\u00e7\u00e3o fiscal de acordo com o \u00a7 27 a da lei do imposto sobre vendas:<br>DE 144651364<\/p><h2>Dados de imagem<\/h2><p>Gebr. Rieger GmbH + Co. KG<br>www.buerkert.de<br>www.awh.eu<br>www.silberzahn.de<br>www.mk-fotografie.de<\/p><h2>Editorialmente respons\u00e1vel<\/h2><p>Gebr. Rieger GmbH + Co. KG<br>Kochertalstra\u00dfe 32<br>73431 Aalen<\/p><p>Telefone: +49 7361 5702-0<br>Fax: +49 7361 5702-51<br>E-mail: info@rr-rieger.de<\/p><p>Representado por:<br>Gebr. Rieger GmbH + Co. KG<br>Kochertalstra\u00dfe 32<br>73431 Aalen<\/p><p>Representada por:<br>Wolf Ehrenberg M.A.<br>Harry Ehrenberg Dipl.-Phys.<br>Andre Hoppe<\/p><h2>Resolu\u00e7\u00e3o de lit\u00edgios de consumo\/centro de arbitragem universal<\/h2><p>N\u00e3o estamos dispostos ou obrigados a participar num processo de resolu\u00e7\u00e3o de lit\u00edgios perante uma comiss\u00e3o de arbitragem de consumidores.<\/p>\t\t\t\t\t\t\t\t<\/div>\n\t\t\t\t<\/div>\n\t\t\t\t\t<\/div>\n\t\t\t\t<\/div>\n\t\t\t\t<\/div>\n\t\t","protected":false},"excerpt":{"rendered":"<p>Impress\u00e3o Gebr. Rieger GmbH + Co. KGKochertalstra\u00dfe 3273431 Aalen Registo comercial: HRA 799ATribunal de registo: Tribunal de registo de Aalen Representado por:Gebr. Rieger GmbH + Co. KGKochertalstra\u00dfe 3273431 Aalen Representada por:Wolf Ehrenberg M.A.Harry Ehrenberg Dipl.-Phys.Andre Hoppe Registo comercial: HRA 799ATribunal de registo: Tribunal de registo de Aalen Contacta-nos Telefone: +49 7361 5702-0Fax: +49 7361 5702-51E-mail: [&hellip;]<\/p>\n","protected":false},"author":2,"featured_media":0,"parent":0,"menu_order":0,"comment_status":"closed","ping_status":"closed","template":"elementor_header_footer","meta":{"footnotes":""},"class_list":["post-7358","page","type-page","status-publish","hentry"],"yoast_head":"<!-- This site is optimized with the Yoast SEO plugin v27.4 - https:\/\/yoast.com\/product\/yoast-seo-wordpress\/ -->\n<title>Impress\u00e3o | Rieger<\/title>\n<meta name=\"robots\" content=\"noindex, follow\" \/>\n<meta property=\"og:locale\" content=\"pt_PT\" \/>\n<meta property=\"og:type\" content=\"article\" \/>\n<meta property=\"og:title\" content=\"Impress\u00e3o | Rieger\" \/>\n<meta property=\"og:description\" content=\"Impress\u00e3o Gebr. Rieger GmbH + Co. KGKochertalstra\u00dfe 3273431 Aalen Registo comercial: HRA 799ATribunal de registo: Tribunal de registo de Aalen Representado por:Gebr. Rieger GmbH + Co. KGKochertalstra\u00dfe 3273431 Aalen Representada por:Wolf Ehrenberg M.A.Harry Ehrenberg Dipl.-Phys.Andre Hoppe Registo comercial: HRA 799ATribunal de registo: Tribunal de registo de Aalen Contacta-nos Telefone: +49 7361 5702-0Fax: +49 7361 5702-51E-mail: [&hellip;]\" \/>\n<meta property=\"og:url\" content=\"https:\/\/rr-rieger.com\/pt-pt\/impressao\/\" \/>\n<meta property=\"og:site_name\" content=\"Rieger\" \/>\n<meta property=\"article:modified_time\" content=\"2025-08-11T11:11:46+00:00\" \/>\n<meta property=\"og:image\" content=\"https:\/\/rr-rieger.com\/wp-content\/uploads\/2024\/04\/ventilknoten-2.jpeg\" \/>\n\t<meta property=\"og:image:width\" content=\"400\" \/>\n\t<meta property=\"og:image:height\" content=\"266\" \/>\n\t<meta property=\"og:image:type\" content=\"image\/jpeg\" \/>\n<meta name=\"twitter:card\" content=\"summary_large_image\" \/>\n<meta name=\"twitter:label1\" content=\"Tempo estimado de leitura\" \/>\n\t<meta name=\"twitter:data1\" content=\"1 minuto\" \/>\n<script type=\"application\/ld+json\" class=\"yoast-schema-graph\">{\"@context\":\"https:\\\/\\\/schema.org\",\"@graph\":[{\"@type\":\"WebPage\",\"@id\":\"https:\\\/\\\/rr-rieger.com\\\/pt-pt\\\/impressao\\\/\",\"url\":\"https:\\\/\\\/rr-rieger.com\\\/pt-pt\\\/impressao\\\/\",\"name\":\"Impress\u00e3o | Rieger\",\"isPartOf\":{\"@id\":\"https:\\\/\\\/rr-rieger.com\\\/pt-pt\\\/#website\"},\"datePublished\":\"2024-03-22T11:41:00+00:00\",\"dateModified\":\"2025-08-11T11:11:46+00:00\",\"breadcrumb\":{\"@id\":\"https:\\\/\\\/rr-rieger.com\\\/pt-pt\\\/impressao\\\/#breadcrumb\"},\"inLanguage\":\"pt-PT\",\"potentialAction\":[{\"@type\":\"ReadAction\",\"target\":[\"https:\\\/\\\/rr-rieger.com\\\/pt-pt\\\/impressao\\\/\"]}]},{\"@type\":\"BreadcrumbList\",\"@id\":\"https:\\\/\\\/rr-rieger.com\\\/pt-pt\\\/impressao\\\/#breadcrumb\",\"itemListElement\":[{\"@type\":\"ListItem\",\"position\":1,\"name\":\"Startseite\",\"item\":\"https:\\\/\\\/rr-rieger.com\\\/pt-pt\\\/pagina-inicial\\\/\"},{\"@type\":\"ListItem\",\"position\":2,\"name\":\"Impress\u00e3o\"}]},{\"@type\":\"WebSite\",\"@id\":\"https:\\\/\\\/rr-rieger.com\\\/pt-pt\\\/#website\",\"url\":\"https:\\\/\\\/rr-rieger.com\\\/pt-pt\\\/\",\"name\":\"Rieger\",\"description\":\"\",\"publisher\":{\"@id\":\"https:\\\/\\\/rr-rieger.com\\\/pt-pt\\\/#organization\"},\"potentialAction\":[{\"@type\":\"SearchAction\",\"target\":{\"@type\":\"EntryPoint\",\"urlTemplate\":\"https:\\\/\\\/rr-rieger.com\\\/pt-pt\\\/?s={search_term_string}\"},\"query-input\":{\"@type\":\"PropertyValueSpecification\",\"valueRequired\":true,\"valueName\":\"search_term_string\"}}],\"inLanguage\":\"pt-PT\"},{\"@type\":\"Organization\",\"@id\":\"https:\\\/\\\/rr-rieger.com\\\/pt-pt\\\/#organization\",\"name\":\"Gebr. Rieger GmbH + Co. KG\",\"alternateName\":\"Rieger Ventile\",\"url\":\"https:\\\/\\\/rr-rieger.com\\\/pt-pt\\\/\",\"logo\":{\"@type\":\"ImageObject\",\"inLanguage\":\"pt-PT\",\"@id\":\"https:\\\/\\\/rr-rieger.com\\\/pt-pt\\\/#\\\/schema\\\/logo\\\/image\\\/\",\"url\":\"https:\\\/\\\/rr-rieger.com\\\/wp-content\\\/uploads\\\/2024\\\/02\\\/Rieger_Logo_rgb.svg\",\"contentUrl\":\"https:\\\/\\\/rr-rieger.com\\\/wp-content\\\/uploads\\\/2024\\\/02\\\/Rieger_Logo_rgb.svg\",\"width\":321,\"height\":148,\"caption\":\"Gebr. Rieger GmbH + Co. KG\"},\"image\":{\"@id\":\"https:\\\/\\\/rr-rieger.com\\\/pt-pt\\\/#\\\/schema\\\/logo\\\/image\\\/\"},\"sameAs\":[\"https:\\\/\\\/www.linkedin.com\\\/company\\\/gebr-rieger-gmbh-co-kg\",\"https:\\\/\\\/www.xing.com\\\/pages\\\/gebr-riegergmbh-co-kg\",\"https:\\\/\\\/www.youtube.com\\\/channel\\\/UCqQFMV0rzMqaov3sR3nNBqw\",\"https:\\\/\\\/vimeo.com\\\/gebrrieger\"]}]}<\/script>\n<!-- \/ Yoast SEO plugin. -->","yoast_head_json":{"title":"Impress\u00e3o | Rieger","robots":{"index":"noindex","follow":"follow"},"og_locale":"pt_PT","og_type":"article","og_title":"Impress\u00e3o | Rieger","og_description":"Impress\u00e3o Gebr. Rieger GmbH + Co. KGKochertalstra\u00dfe 3273431 Aalen Registo comercial: HRA 799ATribunal de registo: Tribunal de registo de Aalen Representado por:Gebr. Rieger GmbH + Co. KGKochertalstra\u00dfe 3273431 Aalen Representada por:Wolf Ehrenberg M.A.Harry Ehrenberg Dipl.-Phys.Andre Hoppe Registo comercial: HRA 799ATribunal de registo: Tribunal de registo de Aalen Contacta-nos Telefone: +49 7361 5702-0Fax: +49 7361 5702-51E-mail: [&hellip;]","og_url":"https:\/\/rr-rieger.com\/pt-pt\/impressao\/","og_site_name":"Rieger","article_modified_time":"2025-08-11T11:11:46+00:00","og_image":[{"width":400,"height":266,"url":"https:\/\/rr-rieger.com\/wp-content\/uploads\/2024\/04\/ventilknoten-2.jpeg","type":"image\/jpeg"}],"twitter_card":"summary_large_image","twitter_misc":{"Tempo estimado de leitura":"1 minuto"},"schema":{"@context":"https:\/\/schema.org","@graph":[{"@type":"WebPage","@id":"https:\/\/rr-rieger.com\/pt-pt\/impressao\/","url":"https:\/\/rr-rieger.com\/pt-pt\/impressao\/","name":"Impress\u00e3o | Rieger","isPartOf":{"@id":"https:\/\/rr-rieger.com\/pt-pt\/#website"},"datePublished":"2024-03-22T11:41:00+00:00","dateModified":"2025-08-11T11:11:46+00:00","breadcrumb":{"@id":"https:\/\/rr-rieger.com\/pt-pt\/impressao\/#breadcrumb"},"inLanguage":"pt-PT","potentialAction":[{"@type":"ReadAction","target":["https:\/\/rr-rieger.com\/pt-pt\/impressao\/"]}]},{"@type":"BreadcrumbList","@id":"https:\/\/rr-rieger.com\/pt-pt\/impressao\/#breadcrumb","itemListElement":[{"@type":"ListItem","position":1,"name":"Startseite","item":"https:\/\/rr-rieger.com\/pt-pt\/pagina-inicial\/"},{"@type":"ListItem","position":2,"name":"Impress\u00e3o"}]},{"@type":"WebSite","@id":"https:\/\/rr-rieger.com\/pt-pt\/#website","url":"https:\/\/rr-rieger.com\/pt-pt\/","name":"Rieger","description":"","publisher":{"@id":"https:\/\/rr-rieger.com\/pt-pt\/#organization"},"potentialAction":[{"@type":"SearchAction","target":{"@type":"EntryPoint","urlTemplate":"https:\/\/rr-rieger.com\/pt-pt\/?s={search_term_string}"},"query-input":{"@type":"PropertyValueSpecification","valueRequired":true,"valueName":"search_term_string"}}],"inLanguage":"pt-PT"},{"@type":"Organization","@id":"https:\/\/rr-rieger.com\/pt-pt\/#organization","name":"Gebr. Rieger GmbH + Co. KG","alternateName":"Rieger Ventile","url":"https:\/\/rr-rieger.com\/pt-pt\/","logo":{"@type":"ImageObject","inLanguage":"pt-PT","@id":"https:\/\/rr-rieger.com\/pt-pt\/#\/schema\/logo\/image\/","url":"https:\/\/rr-rieger.com\/wp-content\/uploads\/2024\/02\/Rieger_Logo_rgb.svg","contentUrl":"https:\/\/rr-rieger.com\/wp-content\/uploads\/2024\/02\/Rieger_Logo_rgb.svg","width":321,"height":148,"caption":"Gebr. Rieger GmbH + Co. KG"},"image":{"@id":"https:\/\/rr-rieger.com\/pt-pt\/#\/schema\/logo\/image\/"},"sameAs":["https:\/\/www.linkedin.com\/company\/gebr-rieger-gmbh-co-kg","https:\/\/www.xing.com\/pages\/gebr-riegergmbh-co-kg","https:\/\/www.youtube.com\/channel\/UCqQFMV0rzMqaov3sR3nNBqw","https:\/\/vimeo.com\/gebrrieger"]}]}},"_links":{"self":[{"href":"https:\/\/rr-rieger.com\/pt-pt\/wp-json\/wp\/v2\/pages\/7358","targetHints":{"allow":["GET"]}}],"collection":[{"href":"https:\/\/rr-rieger.com\/pt-pt\/wp-json\/wp\/v2\/pages"}],"about":[{"href":"https:\/\/rr-rieger.com\/pt-pt\/wp-json\/wp\/v2\/types\/page"}],"author":[{"embeddable":true,"href":"https:\/\/rr-rieger.com\/pt-pt\/wp-json\/wp\/v2\/users\/2"}],"replies":[{"embeddable":true,"href":"https:\/\/rr-rieger.com\/pt-pt\/wp-json\/wp\/v2\/comments?post=7358"}],"version-history":[{"count":6,"href":"https:\/\/rr-rieger.com\/pt-pt\/wp-json\/wp\/v2\/pages\/7358\/revisions"}],"predecessor-version":[{"id":10243,"href":"https:\/\/rr-rieger.com\/pt-pt\/wp-json\/wp\/v2\/pages\/7358\/revisions\/10243"}],"wp:attachment":[{"href":"https:\/\/rr-rieger.com\/pt-pt\/wp-json\/wp\/v2\/media?parent=7358"}],"curies":[{"name":"wp","href":"https:\/\/api.w.org\/{rel}","templated":true}]}}