{"id":7362,"date":"2024-03-22T12:41:00","date_gmt":"2024-03-22T11:41:00","guid":{"rendered":"https:\/\/rr-rieger.com\/mentions-legales\/"},"modified":"2025-08-11T13:11:45","modified_gmt":"2025-08-11T11:11:45","slug":"mentions-legales","status":"publish","type":"page","link":"https:\/\/rr-rieger.com\/fr\/mentions-legales\/","title":{"rendered":"Mentions l\u00e9gales"},"content":{"rendered":"\t\t<div data-elementor-type=\"wp-page\" data-elementor-id=\"7362\" class=\"elementor elementor-7362 elementor-1436\" data-elementor-post-type=\"page\">\n\t\t\t\t<div class=\"elementor-element elementor-element-ecae027 e-flex e-con-boxed e-con e-parent\" data-id=\"ecae027\" data-element_type=\"container\" data-e-type=\"container\" data-settings=\"{&quot;background_background&quot;:&quot;classic&quot;,&quot;jet_parallax_layout_list&quot;:[]}\">\n\t\t\t\t\t<div class=\"e-con-inner\">\n\t\t\t\t\t<\/div>\n\t\t\t\t<\/div>\n\t\t<div class=\"elementor-element elementor-element-1916412 e-flex e-con-boxed e-con e-parent\" data-id=\"1916412\" data-element_type=\"container\" data-e-type=\"container\" data-settings=\"{&quot;jet_parallax_layout_list&quot;:[]}\">\n\t\t\t\t\t<div class=\"e-con-inner\">\n\t\t\t\t<div class=\"elementor-element elementor-element-931da59 elementor-widget__width-inherit elementor-widget elementor-widget-heading\" data-id=\"931da59\" data-element_type=\"widget\" data-e-type=\"widget\" data-widget_type=\"heading.default\">\n\t\t\t\t<div class=\"elementor-widget-container\">\n\t\t\t\t\t<h2 class=\"elementor-heading-title elementor-size-default\">Mentions l\u00e9gales<\/h2>\t\t\t\t<\/div>\n\t\t\t\t<\/div>\n\t\t\t\t<div class=\"elementor-element elementor-element-a925164 elementor-widget elementor-widget-text-editor\" data-id=\"a925164\" data-element_type=\"widget\" data-e-type=\"widget\" data-widget_type=\"text-editor.default\">\n\t\t\t\t<div class=\"elementor-widget-container\">\n\t\t\t\t\t\t\t\t\t<p>Fabriqu\u00e9 par Rieger GmbH + Co KG<br>Kochertalstra\u00dfe 32<br>73431 Aalen<\/p><p>Registre du commerce : HRA 799A<br>Tribunal d&rsquo;enregistrement : Tribunal d&rsquo;enregistrement d&rsquo;Aalen<\/p><p><strong>Repr\u00e9sent\u00e9 par :<\/strong><br>Gebr. Rieger GmbH + Co KG<br>Kochertalstra\u00dfe 32<br>73431 Aalen<\/p><p>Celle-ci est repr\u00e9sent\u00e9e par :<br>Wolf Ehrenberg M.A.<br>Harry Ehrenberg Dipl\u00f4m\u00e9 en physique<br>Andre Hoppe<\/p><p>Registre du commerce : HRA 799A<br>Tribunal d&rsquo;enregistrement : Tribunal d&rsquo;enregistrement d&rsquo;Aalen<\/p><h2>Contact<\/h2><p>T\u00e9l\u00e9phone : +49 7361 5702-0<br>T\u00e9l\u00e9copieur : +49 7361 5702-51<br>E-mail : info@rr-rieger.de<\/p><h2>Num\u00e9ro d&rsquo;identification de la taxe sur le chiffre d&rsquo;affaires<\/h2><p>Num\u00e9ro d&rsquo;identification de la taxe sur le chiffre d&rsquo;affaires conform\u00e9ment au \u00a7 27 a de la loi sur la taxe sur le chiffre d&rsquo;affaires :<br>DE 144651364<\/p><h2>Donn\u00e9es d&rsquo;image<\/h2><p>Fabriqu\u00e9 par Rieger GmbH + Co. KG<br>www.buerkert.de<br>www.awh.eu<br>www.silberzahn.de<br>www.mk-fotografie.de<\/p><h2>Responsable de la r\u00e9daction<\/h2><p>Fabriqu\u00e9 par Rieger GmbH + Co KG<br>Kochertalstra\u00dfe 32<br>73431 Aalen<\/p><p>T\u00e9l\u00e9phone : +49 7361 5702-0<br>T\u00e9l\u00e9copieur : +49 7361 5702-51<br>E-mail : info@rr-rieger.de<\/p><p>Repr\u00e9sent\u00e9 par :<br>Gebr. Rieger GmbH + Co KG<br>Kochertalstra\u00dfe 32<br>73431 Aalen<\/p><p>Celle-ci est repr\u00e9sent\u00e9e par :<br>Wolf Ehrenberg M.A.<br>Harry Ehrenberg Dipl\u00f4m\u00e9 en physique<br>Andre Hoppe<\/p><h2>R\u00e8glement des litiges de consommation\/organe universel de conciliation<\/h2><p>Nous ne sommes pas pr\u00eats ou oblig\u00e9s de participer \u00e0 des proc\u00e9dures de r\u00e8glement des litiges devant un organisme de conciliation des consommateurs.<\/p>\t\t\t\t\t\t\t\t<\/div>\n\t\t\t\t<\/div>\n\t\t\t\t\t<\/div>\n\t\t\t\t<\/div>\n\t\t\t\t<\/div>\n\t\t","protected":false},"excerpt":{"rendered":"<p>Mentions l\u00e9gales Fabriqu\u00e9 par Rieger GmbH + Co KGKochertalstra\u00dfe 3273431 Aalen Registre du commerce : HRA 799ATribunal d&rsquo;enregistrement : Tribunal d&rsquo;enregistrement d&rsquo;Aalen Repr\u00e9sent\u00e9 par :Gebr. Rieger GmbH + Co KGKochertalstra\u00dfe 3273431 Aalen Celle-ci est repr\u00e9sent\u00e9e par :Wolf Ehrenberg M.A.Harry Ehrenberg Dipl\u00f4m\u00e9 en physiqueAndre Hoppe Registre du commerce : HRA 799ATribunal d&rsquo;enregistrement : Tribunal d&rsquo;enregistrement d&rsquo;Aalen [&hellip;]<\/p>\n","protected":false},"author":2,"featured_media":0,"parent":0,"menu_order":0,"comment_status":"closed","ping_status":"closed","template":"elementor_header_footer","meta":{"footnotes":""},"class_list":["post-7362","page","type-page","status-publish","hentry"],"yoast_head":"<!-- This site is optimized with the Yoast SEO plugin v27.5 - https:\/\/yoast.com\/product\/yoast-seo-wordpress\/ -->\n<title>Mentions l\u00e9gales | Rieger<\/title>\n<meta name=\"robots\" content=\"noindex, follow\" \/>\n<meta property=\"og:locale\" content=\"fr_FR\" \/>\n<meta property=\"og:type\" content=\"article\" \/>\n<meta property=\"og:title\" content=\"Mentions l\u00e9gales | Rieger\" \/>\n<meta property=\"og:description\" content=\"Mentions l\u00e9gales Fabriqu\u00e9 par Rieger GmbH + Co KGKochertalstra\u00dfe 3273431 Aalen Registre du commerce : HRA 799ATribunal d&rsquo;enregistrement : Tribunal d&rsquo;enregistrement d&rsquo;Aalen Repr\u00e9sent\u00e9 par :Gebr. Rieger GmbH + Co KGKochertalstra\u00dfe 3273431 Aalen Celle-ci est repr\u00e9sent\u00e9e par :Wolf Ehrenberg M.A.Harry Ehrenberg Dipl\u00f4m\u00e9 en physiqueAndre Hoppe Registre du commerce : HRA 799ATribunal d&rsquo;enregistrement : Tribunal d&rsquo;enregistrement d&rsquo;Aalen [&hellip;]\" \/>\n<meta property=\"og:url\" content=\"https:\/\/rr-rieger.com\/fr\/mentions-legales\/\" \/>\n<meta property=\"og:site_name\" content=\"Rieger\" \/>\n<meta property=\"article:modified_time\" content=\"2025-08-11T11:11:45+00:00\" \/>\n<meta property=\"og:image\" content=\"https:\/\/rr-rieger.com\/wp-content\/uploads\/2024\/04\/ventilknoten-2.jpeg\" \/>\n\t<meta property=\"og:image:width\" content=\"400\" \/>\n\t<meta property=\"og:image:height\" content=\"266\" \/>\n\t<meta property=\"og:image:type\" content=\"image\/jpeg\" \/>\n<meta name=\"twitter:card\" content=\"summary_large_image\" \/>\n<meta name=\"twitter:label1\" content=\"Dur\u00e9e de lecture estim\u00e9e\" \/>\n\t<meta name=\"twitter:data1\" content=\"1 minute\" \/>\n<script type=\"application\/ld+json\" class=\"yoast-schema-graph\">{\"@context\":\"https:\\\/\\\/schema.org\",\"@graph\":[{\"@type\":\"WebPage\",\"@id\":\"https:\\\/\\\/rr-rieger.com\\\/fr\\\/mentions-legales\\\/\",\"url\":\"https:\\\/\\\/rr-rieger.com\\\/fr\\\/mentions-legales\\\/\",\"name\":\"Mentions l\u00e9gales | Rieger\",\"isPartOf\":{\"@id\":\"https:\\\/\\\/rr-rieger.com\\\/fr\\\/#website\"},\"datePublished\":\"2024-03-22T11:41:00+00:00\",\"dateModified\":\"2025-08-11T11:11:45+00:00\",\"breadcrumb\":{\"@id\":\"https:\\\/\\\/rr-rieger.com\\\/fr\\\/mentions-legales\\\/#breadcrumb\"},\"inLanguage\":\"fr-FR\",\"potentialAction\":[{\"@type\":\"ReadAction\",\"target\":[\"https:\\\/\\\/rr-rieger.com\\\/fr\\\/mentions-legales\\\/\"]}]},{\"@type\":\"BreadcrumbList\",\"@id\":\"https:\\\/\\\/rr-rieger.com\\\/fr\\\/mentions-legales\\\/#breadcrumb\",\"itemListElement\":[{\"@type\":\"ListItem\",\"position\":1,\"name\":\"Startseite\",\"item\":\"https:\\\/\\\/rr-rieger.com\\\/fr\\\/page-daccueil\\\/\"},{\"@type\":\"ListItem\",\"position\":2,\"name\":\"Mentions l\u00e9gales\"}]},{\"@type\":\"WebSite\",\"@id\":\"https:\\\/\\\/rr-rieger.com\\\/fr\\\/#website\",\"url\":\"https:\\\/\\\/rr-rieger.com\\\/fr\\\/\",\"name\":\"Rieger\",\"description\":\"\",\"publisher\":{\"@id\":\"https:\\\/\\\/rr-rieger.com\\\/fr\\\/#organization\"},\"potentialAction\":[{\"@type\":\"SearchAction\",\"target\":{\"@type\":\"EntryPoint\",\"urlTemplate\":\"https:\\\/\\\/rr-rieger.com\\\/fr\\\/?s={search_term_string}\"},\"query-input\":{\"@type\":\"PropertyValueSpecification\",\"valueRequired\":true,\"valueName\":\"search_term_string\"}}],\"inLanguage\":\"fr-FR\"},{\"@type\":\"Organization\",\"@id\":\"https:\\\/\\\/rr-rieger.com\\\/fr\\\/#organization\",\"name\":\"Gebr. Rieger GmbH + Co. KG\",\"alternateName\":\"Rieger Ventile\",\"url\":\"https:\\\/\\\/rr-rieger.com\\\/fr\\\/\",\"logo\":{\"@type\":\"ImageObject\",\"inLanguage\":\"fr-FR\",\"@id\":\"https:\\\/\\\/rr-rieger.com\\\/fr\\\/#\\\/schema\\\/logo\\\/image\\\/\",\"url\":\"https:\\\/\\\/rr-rieger.com\\\/wp-content\\\/uploads\\\/2024\\\/02\\\/Rieger_Logo_rgb.svg\",\"contentUrl\":\"https:\\\/\\\/rr-rieger.com\\\/wp-content\\\/uploads\\\/2024\\\/02\\\/Rieger_Logo_rgb.svg\",\"width\":321,\"height\":148,\"caption\":\"Gebr. Rieger GmbH + Co. KG\"},\"image\":{\"@id\":\"https:\\\/\\\/rr-rieger.com\\\/fr\\\/#\\\/schema\\\/logo\\\/image\\\/\"},\"sameAs\":[\"https:\\\/\\\/www.linkedin.com\\\/company\\\/gebr-rieger-gmbh-co-kg\",\"https:\\\/\\\/www.xing.com\\\/pages\\\/gebr-riegergmbh-co-kg\",\"https:\\\/\\\/www.youtube.com\\\/channel\\\/UCqQFMV0rzMqaov3sR3nNBqw\",\"https:\\\/\\\/vimeo.com\\\/gebrrieger\"]}]}<\/script>\n<!-- \/ Yoast SEO plugin. -->","yoast_head_json":{"title":"Mentions l\u00e9gales | Rieger","robots":{"index":"noindex","follow":"follow"},"og_locale":"fr_FR","og_type":"article","og_title":"Mentions l\u00e9gales | Rieger","og_description":"Mentions l\u00e9gales Fabriqu\u00e9 par Rieger GmbH + Co KGKochertalstra\u00dfe 3273431 Aalen Registre du commerce : HRA 799ATribunal d&rsquo;enregistrement : Tribunal d&rsquo;enregistrement d&rsquo;Aalen Repr\u00e9sent\u00e9 par :Gebr. Rieger GmbH + Co KGKochertalstra\u00dfe 3273431 Aalen Celle-ci est repr\u00e9sent\u00e9e par :Wolf Ehrenberg M.A.Harry Ehrenberg Dipl\u00f4m\u00e9 en physiqueAndre Hoppe Registre du commerce : HRA 799ATribunal d&rsquo;enregistrement : Tribunal d&rsquo;enregistrement d&rsquo;Aalen [&hellip;]","og_url":"https:\/\/rr-rieger.com\/fr\/mentions-legales\/","og_site_name":"Rieger","article_modified_time":"2025-08-11T11:11:45+00:00","og_image":[{"width":400,"height":266,"url":"https:\/\/rr-rieger.com\/wp-content\/uploads\/2024\/04\/ventilknoten-2.jpeg","type":"image\/jpeg"}],"twitter_card":"summary_large_image","twitter_misc":{"Dur\u00e9e de lecture estim\u00e9e":"1 minute"},"schema":{"@context":"https:\/\/schema.org","@graph":[{"@type":"WebPage","@id":"https:\/\/rr-rieger.com\/fr\/mentions-legales\/","url":"https:\/\/rr-rieger.com\/fr\/mentions-legales\/","name":"Mentions l\u00e9gales | Rieger","isPartOf":{"@id":"https:\/\/rr-rieger.com\/fr\/#website"},"datePublished":"2024-03-22T11:41:00+00:00","dateModified":"2025-08-11T11:11:45+00:00","breadcrumb":{"@id":"https:\/\/rr-rieger.com\/fr\/mentions-legales\/#breadcrumb"},"inLanguage":"fr-FR","potentialAction":[{"@type":"ReadAction","target":["https:\/\/rr-rieger.com\/fr\/mentions-legales\/"]}]},{"@type":"BreadcrumbList","@id":"https:\/\/rr-rieger.com\/fr\/mentions-legales\/#breadcrumb","itemListElement":[{"@type":"ListItem","position":1,"name":"Startseite","item":"https:\/\/rr-rieger.com\/fr\/page-daccueil\/"},{"@type":"ListItem","position":2,"name":"Mentions l\u00e9gales"}]},{"@type":"WebSite","@id":"https:\/\/rr-rieger.com\/fr\/#website","url":"https:\/\/rr-rieger.com\/fr\/","name":"Rieger","description":"","publisher":{"@id":"https:\/\/rr-rieger.com\/fr\/#organization"},"potentialAction":[{"@type":"SearchAction","target":{"@type":"EntryPoint","urlTemplate":"https:\/\/rr-rieger.com\/fr\/?s={search_term_string}"},"query-input":{"@type":"PropertyValueSpecification","valueRequired":true,"valueName":"search_term_string"}}],"inLanguage":"fr-FR"},{"@type":"Organization","@id":"https:\/\/rr-rieger.com\/fr\/#organization","name":"Gebr. Rieger GmbH + Co. KG","alternateName":"Rieger Ventile","url":"https:\/\/rr-rieger.com\/fr\/","logo":{"@type":"ImageObject","inLanguage":"fr-FR","@id":"https:\/\/rr-rieger.com\/fr\/#\/schema\/logo\/image\/","url":"https:\/\/rr-rieger.com\/wp-content\/uploads\/2024\/02\/Rieger_Logo_rgb.svg","contentUrl":"https:\/\/rr-rieger.com\/wp-content\/uploads\/2024\/02\/Rieger_Logo_rgb.svg","width":321,"height":148,"caption":"Gebr. Rieger GmbH + Co. KG"},"image":{"@id":"https:\/\/rr-rieger.com\/fr\/#\/schema\/logo\/image\/"},"sameAs":["https:\/\/www.linkedin.com\/company\/gebr-rieger-gmbh-co-kg","https:\/\/www.xing.com\/pages\/gebr-riegergmbh-co-kg","https:\/\/www.youtube.com\/channel\/UCqQFMV0rzMqaov3sR3nNBqw","https:\/\/vimeo.com\/gebrrieger"]}]}},"_links":{"self":[{"href":"https:\/\/rr-rieger.com\/fr\/wp-json\/wp\/v2\/pages\/7362","targetHints":{"allow":["GET"]}}],"collection":[{"href":"https:\/\/rr-rieger.com\/fr\/wp-json\/wp\/v2\/pages"}],"about":[{"href":"https:\/\/rr-rieger.com\/fr\/wp-json\/wp\/v2\/types\/page"}],"author":[{"embeddable":true,"href":"https:\/\/rr-rieger.com\/fr\/wp-json\/wp\/v2\/users\/2"}],"replies":[{"embeddable":true,"href":"https:\/\/rr-rieger.com\/fr\/wp-json\/wp\/v2\/comments?post=7362"}],"version-history":[{"count":5,"href":"https:\/\/rr-rieger.com\/fr\/wp-json\/wp\/v2\/pages\/7362\/revisions"}],"predecessor-version":[{"id":10242,"href":"https:\/\/rr-rieger.com\/fr\/wp-json\/wp\/v2\/pages\/7362\/revisions\/10242"}],"wp:attachment":[{"href":"https:\/\/rr-rieger.com\/fr\/wp-json\/wp\/v2\/media?parent=7362"}],"curies":[{"name":"wp","href":"https:\/\/api.w.org\/{rel}","templated":true}]}}