{"id":6878,"date":"2024-03-14T14:51:16","date_gmt":"2024-03-14T13:51:16","guid":{"rendered":"https:\/\/rr-rieger.com\/ueber-rieger\/"},"modified":"2024-07-02T09:11:58","modified_gmt":"2024-07-02T07:11:58","slug":"ueber-rieger","status":"publish","type":"page","link":"https:\/\/rr-rieger.com\/fr\/ueber-rieger\/","title":{"rendered":"\u00c0 propos de Rieger"},"content":{"rendered":"\t\t<div data-elementor-type=\"wp-page\" data-elementor-id=\"6878\" class=\"elementor elementor-6878 elementor-818\" data-elementor-post-type=\"page\">\n\t\t\t\t<div class=\"elementor-element elementor-element-53cccd3 e-con-full elementor-hidden-tablet_extra elementor-hidden-tablet elementor-hidden-mobile e-flex e-con e-parent\" data-id=\"53cccd3\" data-element_type=\"container\" data-e-type=\"container\" data-settings=\"{&quot;background_background&quot;:&quot;video&quot;,&quot;jet_parallax_layout_list&quot;:[],&quot;background_video_link&quot;:&quot;https:\\\/\\\/rr-rieger.com\\\/wp-content\\\/uploads\\\/2024\\\/03\\\/about.mp4&quot;}\">\n\t\t<div class=\"elementor-background-video-container elementor-hidden-mobile\">\n\t\t\t\t\t\t\t<video class=\"elementor-background-video-hosted\" role=\"presentation\" autoplay muted playsinline loop><\/video>\n\t\t\t\t\t<\/div>\t\t<\/div>\n\t\t<div class=\"elementor-element elementor-element-206a3d9 e-flex e-con-boxed e-con e-parent\" data-id=\"206a3d9\" data-element_type=\"container\" data-e-type=\"container\" data-settings=\"{&quot;jet_parallax_layout_list&quot;:[]}\">\n\t\t\t\t\t<div class=\"e-con-inner\">\n\t\t\t\t<div class=\"elementor-element elementor-element-9a19642 elementor-widget__width-initial elementor-widget elementor-widget-heading\" data-id=\"9a19642\" data-element_type=\"widget\" data-e-type=\"widget\" data-widget_type=\"heading.default\">\n\t\t\t\t<div class=\"elementor-widget-container\">\n\t\t\t\t\t<h2 class=\"elementor-heading-title elementor-size-default\">\u00c0 PROPOS DE RIEGER<\/h2>\t\t\t\t<\/div>\n\t\t\t\t<\/div>\n\t\t<div class=\"elementor-element elementor-element-2348037 e-con-full e-flex e-con e-child\" data-id=\"2348037\" data-element_type=\"container\" data-e-type=\"container\" data-settings=\"{&quot;jet_parallax_layout_list&quot;:[]}\">\n\t\t\t\t<div class=\"elementor-element elementor-element-442948a elementor-widget__width-initial elementor-widget-tablet_extra__width-initial elementor-widget elementor-widget-text-editor\" data-id=\"442948a\" data-element_type=\"widget\" data-e-type=\"widget\" data-widget_type=\"text-editor.default\">\n\t\t\t\t<div class=\"elementor-widget-container\">\n\t\t\t\t\t\t\t\t\t<div class=\"col-md-8 mb-3\">\n<p>Rieger a \u00e9t\u00e9 fond\u00e9e en 1879 \u00e0 Aalen.<\/p>\n<p>Aujourd&rsquo;hui, Rieger s&rsquo;articule autour des secteurs de la technologie des processus et de la fonderie d&rsquo;aluminium et est membre du groupe Neumo Ehrenberg, actif dans le monde entier. Notre fonderie d&rsquo;aluminium produit des pi\u00e8ces moul\u00e9es en aluminium de la plus haute qualit\u00e9, qui sont utilis\u00e9es dans l&rsquo;industrie automobile et l&rsquo;ing\u00e9nierie. Dans le domaine de l&rsquo;ing\u00e9nierie des proc\u00e9d\u00e9s, nous sommes tr\u00e8s performants dans la fabrication de vannes, de solutions personnalis\u00e9es telles que les blocs de vannes et les structures tubulaires, ainsi que dans l&rsquo;ing\u00e9nierie des installations, y compris les n\u0153uds de vannes, les unit\u00e9s, les syst\u00e8mes CIP et les modules plug-and-play de tous types.<\/p>\n<p>Tous les produits sont fabriqu\u00e9s en acier inoxydable. Nos clients disposent d&rsquo;une gamme compl\u00e8te de nuances d&rsquo;acier allant de l&rsquo;AISI 301, AISI 316L \u00e0 l&rsquo;Hastelloy\u00ae et aux alliages sp\u00e9ciaux tels que 1.4529, 1.4539\/AL6XN.<\/p>\n<\/div>\n\t\t\t\t\t\t\t\t<\/div>\n\t\t\t\t<\/div>\n\t\t<div class=\"elementor-element elementor-element-4f19ab5 e-con-full e-flex e-con e-child\" data-id=\"4f19ab5\" data-element_type=\"container\" data-e-type=\"container\" data-settings=\"{&quot;jet_parallax_layout_list&quot;:[]}\">\n\t\t\t\t<div class=\"elementor-element elementor-element-f746791 elementor-widget elementor-widget-image\" data-id=\"f746791\" data-element_type=\"widget\" data-e-type=\"widget\" data-widget_type=\"image.default\">\n\t\t\t\t<div class=\"elementor-widget-container\">\n\t\t\t\t\t\t\t\t\t\t\t\t\t\t\t<img fetchpriority=\"high\" decoding=\"async\" width=\"2560\" height=\"1575\" src=\"https:\/\/rr-rieger.com\/wp-content\/uploads\/2024\/03\/about-scaled.jpg\" class=\"attachment-full size-full wp-image-6879\" alt=\"\" srcset=\"https:\/\/rr-rieger.com\/wp-content\/uploads\/2024\/03\/about-scaled.jpg 2560w, https:\/\/rr-rieger.com\/wp-content\/uploads\/2024\/03\/about-300x185.jpg 300w, https:\/\/rr-rieger.com\/wp-content\/uploads\/2024\/03\/about-1024x630.jpg 1024w, https:\/\/rr-rieger.com\/wp-content\/uploads\/2024\/03\/about-768x473.jpg 768w, https:\/\/rr-rieger.com\/wp-content\/uploads\/2024\/03\/about-1536x945.jpg 1536w, https:\/\/rr-rieger.com\/wp-content\/uploads\/2024\/03\/about-2048x1260.jpg 2048w\" sizes=\"(max-width: 2560px) 100vw, 2560px\" \/>\t\t\t\t\t\t\t\t\t\t\t\t\t\t\t<\/div>\n\t\t\t\t<\/div>\n\t\t\t\t<\/div>\n\t\t\t\t<\/div>\n\t\t\t\t\t<\/div>\n\t\t\t\t<\/div>\n\t\t<div class=\"elementor-element elementor-element-f484090 e-con-full e-flex e-con e-parent\" data-id=\"f484090\" data-element_type=\"container\" data-e-type=\"container\" data-settings=\"{&quot;jet_parallax_layout_list&quot;:[]}\">\n\t\t\t\t<div class=\"elementor-element elementor-element-829d573 elementor-widget elementor-widget-heading\" data-id=\"829d573\" data-element_type=\"widget\" data-e-type=\"widget\" data-widget_type=\"heading.default\">\n\t\t\t\t<div class=\"elementor-widget-container\">\n\t\t\t\t\t<h2 class=\"elementor-heading-title elementor-size-default\">PIERRES MILIEUX<\/h2>\t\t\t\t<\/div>\n\t\t\t\t<\/div>\n\t\t<div class=\"elementor-element elementor-element-83b8bf3 e-con-full e-flex e-con e-child\" data-id=\"83b8bf3\" data-element_type=\"container\" data-e-type=\"container\" data-settings=\"{&quot;background_background&quot;:&quot;classic&quot;,&quot;jet_parallax_layout_list&quot;:[]}\">\n\t\t<div class=\"elementor-element elementor-element-c5ccc2a e-con-full e-flex e-con e-child\" data-id=\"c5ccc2a\" data-element_type=\"container\" data-e-type=\"container\" data-settings=\"{&quot;jet_parallax_layout_list&quot;:[]}\">\n\t\t\t\t<div class=\"elementor-element elementor-element-2533afd elementor-widget elementor-widget-image\" data-id=\"2533afd\" data-element_type=\"widget\" data-e-type=\"widget\" data-widget_type=\"image.default\">\n\t\t\t\t<div class=\"elementor-widget-container\">\n\t\t\t\t\t\t\t\t\t\t\t\t\t\t\t<img decoding=\"async\" width=\"1796\" height=\"5004\" src=\"https:\/\/rr-rieger.com\/wp-content\/uploads\/2024\/03\/milestonesTime_de.png\" class=\"attachment-full size-full wp-image-6881\" alt=\"\" srcset=\"https:\/\/rr-rieger.com\/wp-content\/uploads\/2024\/03\/milestonesTime_de.png 1796w, https:\/\/rr-rieger.com\/wp-content\/uploads\/2024\/03\/milestonesTime_de-108x300.png 108w, https:\/\/rr-rieger.com\/wp-content\/uploads\/2024\/03\/milestonesTime_de-368x1024.png 368w, https:\/\/rr-rieger.com\/wp-content\/uploads\/2024\/03\/milestonesTime_de-768x2140.png 768w, https:\/\/rr-rieger.com\/wp-content\/uploads\/2024\/03\/milestonesTime_de-551x1536.png 551w, https:\/\/rr-rieger.com\/wp-content\/uploads\/2024\/03\/milestonesTime_de-735x2048.png 735w\" sizes=\"(max-width: 1796px) 100vw, 1796px\" \/>\t\t\t\t\t\t\t\t\t\t\t\t\t\t\t<\/div>\n\t\t\t\t<\/div>\n\t\t\t\t<\/div>\n\t\t\t\t<\/div>\n\t\t\t\t<\/div>\n\t\t<div class=\"elementor-element elementor-element-281fb98 e-flex e-con-boxed e-con e-parent\" data-id=\"281fb98\" data-element_type=\"container\" data-e-type=\"container\" id=\"map-anchor\" data-settings=\"{&quot;jet_parallax_layout_list&quot;:[]}\">\n\t\t\t\t\t<div class=\"e-con-inner\">\n\t\t\t\t<div class=\"elementor-element elementor-element-b07d74b elementor-widget elementor-widget-heading\" data-id=\"b07d74b\" data-element_type=\"widget\" data-e-type=\"widget\" data-widget_type=\"heading.default\">\n\t\t\t\t<div class=\"elementor-widget-container\">\n\t\t\t\t\t<h2 class=\"elementor-heading-title elementor-size-default\">VOTRE LIEN AVEC RIEGER WORLD<\/h2>\t\t\t\t<\/div>\n\t\t\t\t<\/div>\n\t\t\t\t<div class=\"elementor-element elementor-element-ed9b15e elementor-widget elementor-widget-jet-map\" data-id=\"ed9b15e\" data-element_type=\"widget\" data-e-type=\"widget\" data-widget_type=\"jet-map.default\">\n\t\t\t\t<div class=\"elementor-widget-container\">\n\t\t\t\t\t<div class=\"jet-map\" data-provider=\"google\" data-init=\"{&quot;center&quot;:{&quot;lat&quot;:39,&quot;lng&quot;:34},&quot;zoom&quot;:2,&quot;scrollwheel&quot;:false,&quot;zoomControl&quot;:true,&quot;pinsAutoClose&quot;:true,&quot;draggable&quot;:true,&quot;provider&quot;:&quot;google&quot;,&quot;fullscreenControl&quot;:true,&quot;streetViewControl&quot;:false,&quot;mapTypeControl&quot;:true,&quot;styles&quot;:[{&quot;featureType&quot;:&quot;administrative&quot;,&quot;elementType&quot;:&quot;labels.text.fill&quot;,&quot;stylers&quot;:[{&quot;color&quot;:&quot;#444444&quot;}]},{&quot;featureType&quot;:&quot;landscape&quot;,&quot;elementType&quot;:&quot;all&quot;,&quot;stylers&quot;:[{&quot;color&quot;:&quot;#f2f2f2&quot;}]},{&quot;featureType&quot;:&quot;poi&quot;,&quot;elementType&quot;:&quot;all&quot;,&quot;stylers&quot;:[{&quot;visibility&quot;:&quot;off&quot;}]},{&quot;featureType&quot;:&quot;road&quot;,&quot;elementType&quot;:&quot;all&quot;,&quot;stylers&quot;:[{&quot;saturation&quot;:-100},{&quot;lightness&quot;:45}]},{&quot;featureType&quot;:&quot;road.highway&quot;,&quot;elementType&quot;:&quot;all&quot;,&quot;stylers&quot;:[{&quot;visibility&quot;:&quot;simplified&quot;}]},{&quot;featureType&quot;:&quot;road.arterial&quot;,&quot;elementType&quot;:&quot;labels.icon&quot;,&quot;stylers&quot;:[{&quot;visibility&quot;:&quot;off&quot;}]},{&quot;featureType&quot;:&quot;transit&quot;,&quot;elementType&quot;:&quot;all&quot;,&quot;stylers&quot;:[{&quot;visibility&quot;:&quot;off&quot;}]},{&quot;featureType&quot;:&quot;water&quot;,&quot;elementType&quot;:&quot;all&quot;,&quot;stylers&quot;:[{&quot;color&quot;:&quot;#46bcec&quot;},{&quot;visibility&quot;:&quot;on&quot;}]}]}\" data-pins=\"[{&quot;address&quot;:&quot;District 3 Qu\\u1eadn 3 H\\u1ed3 Ch\\u00ed Minh Vietnam&quot;,&quot;position&quot;:{&quot;lat&quot;:10.7833121,&quot;lng&quot;:106.6714905},&quot;desc&quot;:&quot;&lt;p&gt;Neumo (VN)&lt;\\\/p&gt;&quot;,&quot;state&quot;:&quot;visible&quot;},{&quot;address&quot;:&quot;Building 6, Gui nan Road No. 1100 Songjiang District 201617 Shanghai&quot;,&quot;position&quot;:{&quot;lat&quot;:30.9725399,&quot;lng&quot;:121.16968},&quot;desc&quot;:&quot;&lt;p&gt;Neumo (CN)&lt;\\\/p&gt;&quot;,&quot;state&quot;:&quot;visible&quot;},{&quot;address&quot;:&quot;&quot;,&quot;position&quot;:{&quot;lat&quot;:33.007600420278884,&quot;lng&quot;:35.097269638804434},&quot;desc&quot;:&quot;&lt;p&gt;EGMO (IL)&lt;\\\/p&gt;&quot;,&quot;state&quot;:&quot;visible&quot;},{&quot;address&quot;:&quot;&quot;,&quot;position&quot;:{&quot;lat&quot;:55.74750440096691,&quot;lng&quot;:37.609110800996554},&quot;desc&quot;:&quot;&lt;p&gt;NEUMO (RU)&lt;\\\/p&gt;&quot;,&quot;state&quot;:&quot;visible&quot;},{&quot;address&quot;:&quot;Cluj-Napoca&quot;,&quot;position&quot;:{&quot;lat&quot;:46.7712101,&quot;lng&quot;:23.6236353},&quot;desc&quot;:&quot;&lt;p&gt;Roumanie&lt;\\\/p&gt;&quot;,&quot;state&quot;:&quot;visible&quot;},{&quot;address&quot;:&quot;Budapest&quot;,&quot;position&quot;:{&quot;lat&quot;:47.497912,&quot;lng&quot;:19.040235},&quot;desc&quot;:&quot;&lt;p&gt;NEUMO (HU)&lt;\\\/p&gt;&quot;,&quot;state&quot;:&quot;visible&quot;},{&quot;address&quot;:&quot;Vienne&quot;,&quot;position&quot;:{&quot;lat&quot;:48.20806959999999,&quot;lng&quot;:16.3713095},&quot;desc&quot;:&quot;&lt;p&gt;AWH (AT)&lt;\\\/p&gt;&quot;,&quot;state&quot;:&quot;visible&quot;},{&quot;address&quot;:&quot;Prague&quot;,&quot;position&quot;:{&quot;lat&quot;:50.0755381,&quot;lng&quot;:14.4378005},&quot;desc&quot;:&quot;&lt;p&gt;R\\u00e9publique tch\\u00e8que&lt;\\\/p&gt;&quot;,&quot;state&quot;:&quot;visible&quot;},{&quot;address&quot;:&quot;Podtrzcianna&quot;,&quot;position&quot;:{&quot;lat&quot;:51.92048699999999,&quot;lng&quot;:20.1883127},&quot;desc&quot;:&quot;&lt;p&gt;NEUMO (PL)&lt;\\\/p&gt;&quot;,&quot;state&quot;:&quot;visible&quot;},{&quot;address&quot;:&quot;Danmarksvej 28 DK-8660 Skanderborg&quot;,&quot;position&quot;:{&quot;lat&quot;:56.0507224,&quot;lng&quot;:9.9514629},&quot;desc&quot;:&quot;&lt;p&gt;Acier Dam (SE)&lt;\\\/p&gt;&quot;,&quot;state&quot;:&quot;visible&quot;},{&quot;address&quot;:&quot;Schulstra\\u00dfe 5-6 D-39393 H\\u00f6tensleben&quot;,&quot;position&quot;:{&quot;lat&quot;:52.1205873,&quot;lng&quot;:11.0220188},&quot;desc&quot;:&quot;&lt;p&gt;AWH (DE)&lt;\\\/p&gt;&quot;,&quot;state&quot;:&quot;visible&quot;},{&quot;address&quot;:&quot;Kochertalstra\\u00dfe 32 D-73431 Aalen&quot;,&quot;position&quot;:{&quot;lat&quot;:48.8266651,&quot;lng&quot;:10.1138261},&quot;desc&quot;:&quot;&lt;p&gt;RIEGER (DE)&lt;\\\/p&gt;&quot;,&quot;state&quot;:&quot;visible&quot;},{&quot;address&quot;:&quot;Place Henry-Ehrenberg D-75438 Knittlingen&quot;,&quot;position&quot;:{&quot;lat&quot;:49.0226048,&quot;lng&quot;:8.7600351},&quot;desc&quot;:&quot;&lt;p&gt;NEUMO (DE)&lt;\\\/p&gt;&quot;,&quot;state&quot;:&quot;visible&quot;},{&quot;address&quot;:&quot;Industriestra\\u00dfe 2 CH-3210 Kerzers&quot;,&quot;position&quot;:{&quot;lat&quot;:46.9715908,&quot;lng&quot;:7.187371699999999},&quot;desc&quot;:&quot;&lt;p&gt;HERRLI (CH)&lt;\\\/p&gt;&quot;,&quot;state&quot;:&quot;visible&quot;},{&quot;address&quot;:&quot;Halesfield 4\\\/ Telford GB-Shropshire TF7 4AP&quot;,&quot;position&quot;:{&quot;lat&quot;:52.6424647,&quot;lng&quot;:-2.4254934},&quot;desc&quot;:&quot;&lt;p&gt;NEUMO (UK)&lt;\\\/p&gt;&quot;,&quot;state&quot;:&quot;visible&quot;},{&quot;address&quot;:&quot;Unit 1, City Link Park Forge Hill, Cork, Irlande&quot;,&quot;position&quot;:{&quot;lat&quot;:51.8707652,&quot;lng&quot;:-8.4833253},&quot;desc&quot;:&quot;&lt;p&gt;NEUMO (IE)&lt;\\\/p&gt;&quot;,&quot;state&quot;:&quot;visible&quot;},{&quot;address&quot;:&quot;1 Anaconda Drive Lake Katerine, NY 12449&quot;,&quot;position&quot;:{&quot;lat&quot;:41.9930161,&quot;lng&quot;:-73.991033},&quot;desc&quot;:&quot;&lt;p&gt;HPT (US)&lt;\\\/p&gt;&quot;,&quot;state&quot;:&quot;visible&quot;},{&quot;address&quot;:&quot;1149 Barberry Drive Janesville, WI 53547-1698&quot;,&quot;position&quot;:{&quot;lat&quot;:42.7175844,&quot;lng&quot;:-89.01126710000001},&quot;desc&quot;:&quot;&lt;p&gt;VNE (US)&lt;\\\/p&gt;&quot;,&quot;state&quot;:&quot;visible&quot;},{&quot;address&quot;:&quot;6121 Green Bay Road Suite 220 Kenosha, WI 53142&quot;,&quot;position&quot;:{&quot;lat&quot;:42.5799172,&quot;lng&quot;:-87.8837678},&quot;desc&quot;:&quot;&lt;p&gt;RIEGER (US)&lt;\\\/p&gt;&quot;,&quot;state&quot;:&quot;visible&quot;}]\"><\/div>\t\t\t\t<\/div>\n\t\t\t\t<\/div>\n\t\t\t\t<div class=\"elementor-element elementor-element-5713776 elementor-widget elementor-widget-text-editor\" data-id=\"5713776\" data-element_type=\"widget\" data-e-type=\"widget\" data-widget_type=\"text-editor.default\">\n\t\t\t\t<div class=\"elementor-widget-container\">\n\t\t\t\t\t\t\t\t\t<p>Pour plus de filiales et de produits du Neumo Ehrenberg Group, visitez le site officiel www.negflow.com<\/p>\n<p>Veuillez noter que l&rsquo;appel de cette map entra\u00eene un \u00e9change de donn\u00e9es avec Google Maps.<br \/>Pour plus d&rsquo;informations \u00e0 ce sujet, veuillez <a href=\"https:\/\/rr-rieger.com\/datenschutzerklaerung\/\" target=\"_blank\" rel=\"noopener\">consulter<\/a> notre <a href=\"https:\/\/rr-rieger.com\/datenschutzerklaerung\/\" target=\"_blank\" rel=\"noopener\">d\u00e9claration de confidentialit\u00e9.<\/a><\/p>\n\t\t\t\t\t\t\t\t<\/div>\n\t\t\t\t<\/div>\n\t\t\t\t\t<\/div>\n\t\t\t\t<\/div>\n\t\t\t\t<\/div>\n\t\t","protected":false},"excerpt":{"rendered":"<p>\u00c0 PROPOS DE RIEGER Rieger a \u00e9t\u00e9 fond\u00e9e en 1879 \u00e0 Aalen. Aujourd&rsquo;hui, Rieger s&rsquo;articule autour des secteurs de la technologie des processus et de la fonderie d&rsquo;aluminium et est membre du groupe Neumo Ehrenberg, actif dans le monde entier. Notre fonderie d&rsquo;aluminium produit des pi\u00e8ces moul\u00e9es en aluminium de la plus haute qualit\u00e9, qui [&hellip;]<\/p>\n","protected":false},"author":2,"featured_media":0,"parent":0,"menu_order":0,"comment_status":"closed","ping_status":"closed","template":"elementor_header_footer","meta":{"footnotes":""},"class_list":["post-6878","page","type-page","status-publish","hentry"],"yoast_head":"<!-- This site is optimized with the Yoast SEO plugin v27.5 - https:\/\/yoast.com\/product\/yoast-seo-wordpress\/ -->\n<title>\u00c0 propos de Rieger | Rieger<\/title>\n<meta name=\"robots\" content=\"index, follow, max-snippet:-1, max-image-preview:large, max-video-preview:-1\" \/>\n<link rel=\"canonical\" href=\"https:\/\/rr-rieger.com\/fr\/ueber-rieger\/\" \/>\n<meta property=\"og:locale\" content=\"fr_FR\" \/>\n<meta property=\"og:type\" content=\"article\" \/>\n<meta property=\"og:title\" content=\"\u00c0 propos de Rieger | Rieger\" \/>\n<meta property=\"og:description\" content=\"\u00c0 PROPOS DE RIEGER Rieger a \u00e9t\u00e9 fond\u00e9e en 1879 \u00e0 Aalen. Aujourd&rsquo;hui, Rieger s&rsquo;articule autour des secteurs de la technologie des processus et de la fonderie d&rsquo;aluminium et est membre du groupe Neumo Ehrenberg, actif dans le monde entier. Notre fonderie d&rsquo;aluminium produit des pi\u00e8ces moul\u00e9es en aluminium de la plus haute qualit\u00e9, qui [&hellip;]\" \/>\n<meta property=\"og:url\" content=\"https:\/\/rr-rieger.com\/fr\/ueber-rieger\/\" \/>\n<meta property=\"og:site_name\" content=\"Rieger\" \/>\n<meta property=\"article:modified_time\" content=\"2024-07-02T07:11:58+00:00\" \/>\n<meta property=\"og:image\" content=\"https:\/\/rr-rieger.com\/wp-content\/uploads\/2024\/03\/about-scaled.jpg\" \/>\n<meta name=\"twitter:card\" content=\"summary_large_image\" \/>\n<meta name=\"twitter:label1\" content=\"Dur\u00e9e de lecture estim\u00e9e\" \/>\n\t<meta name=\"twitter:data1\" content=\"1 minute\" \/>\n<script type=\"application\/ld+json\" class=\"yoast-schema-graph\">{\"@context\":\"https:\\\/\\\/schema.org\",\"@graph\":[{\"@type\":\"WebPage\",\"@id\":\"https:\\\/\\\/rr-rieger.com\\\/fr\\\/ueber-rieger\\\/\",\"url\":\"https:\\\/\\\/rr-rieger.com\\\/fr\\\/ueber-rieger\\\/\",\"name\":\"\u00c0 propos de Rieger | Rieger\",\"isPartOf\":{\"@id\":\"https:\\\/\\\/rr-rieger.com\\\/fr\\\/#website\"},\"primaryImageOfPage\":{\"@id\":\"https:\\\/\\\/rr-rieger.com\\\/fr\\\/ueber-rieger\\\/#primaryimage\"},\"image\":{\"@id\":\"https:\\\/\\\/rr-rieger.com\\\/fr\\\/ueber-rieger\\\/#primaryimage\"},\"thumbnailUrl\":\"https:\\\/\\\/rr-rieger.com\\\/wp-content\\\/uploads\\\/2024\\\/03\\\/about-scaled.jpg\",\"datePublished\":\"2024-03-14T13:51:16+00:00\",\"dateModified\":\"2024-07-02T07:11:58+00:00\",\"breadcrumb\":{\"@id\":\"https:\\\/\\\/rr-rieger.com\\\/fr\\\/ueber-rieger\\\/#breadcrumb\"},\"inLanguage\":\"fr-FR\",\"potentialAction\":[{\"@type\":\"ReadAction\",\"target\":[\"https:\\\/\\\/rr-rieger.com\\\/fr\\\/ueber-rieger\\\/\"]}]},{\"@type\":\"ImageObject\",\"inLanguage\":\"fr-FR\",\"@id\":\"https:\\\/\\\/rr-rieger.com\\\/fr\\\/ueber-rieger\\\/#primaryimage\",\"url\":\"https:\\\/\\\/rr-rieger.com\\\/wp-content\\\/uploads\\\/2024\\\/03\\\/about-scaled.jpg\",\"contentUrl\":\"https:\\\/\\\/rr-rieger.com\\\/wp-content\\\/uploads\\\/2024\\\/03\\\/about-scaled.jpg\"},{\"@type\":\"BreadcrumbList\",\"@id\":\"https:\\\/\\\/rr-rieger.com\\\/fr\\\/ueber-rieger\\\/#breadcrumb\",\"itemListElement\":[{\"@type\":\"ListItem\",\"position\":1,\"name\":\"Startseite\",\"item\":\"https:\\\/\\\/rr-rieger.com\\\/fr\\\/page-daccueil\\\/\"},{\"@type\":\"ListItem\",\"position\":2,\"name\":\"\u00c0 propos de Rieger\"}]},{\"@type\":\"WebSite\",\"@id\":\"https:\\\/\\\/rr-rieger.com\\\/fr\\\/#website\",\"url\":\"https:\\\/\\\/rr-rieger.com\\\/fr\\\/\",\"name\":\"Rieger\",\"description\":\"\",\"publisher\":{\"@id\":\"https:\\\/\\\/rr-rieger.com\\\/fr\\\/#organization\"},\"potentialAction\":[{\"@type\":\"SearchAction\",\"target\":{\"@type\":\"EntryPoint\",\"urlTemplate\":\"https:\\\/\\\/rr-rieger.com\\\/fr\\\/?s={search_term_string}\"},\"query-input\":{\"@type\":\"PropertyValueSpecification\",\"valueRequired\":true,\"valueName\":\"search_term_string\"}}],\"inLanguage\":\"fr-FR\"},{\"@type\":\"Organization\",\"@id\":\"https:\\\/\\\/rr-rieger.com\\\/fr\\\/#organization\",\"name\":\"Gebr. Rieger GmbH + Co. KG\",\"alternateName\":\"Rieger Ventile\",\"url\":\"https:\\\/\\\/rr-rieger.com\\\/fr\\\/\",\"logo\":{\"@type\":\"ImageObject\",\"inLanguage\":\"fr-FR\",\"@id\":\"https:\\\/\\\/rr-rieger.com\\\/fr\\\/#\\\/schema\\\/logo\\\/image\\\/\",\"url\":\"https:\\\/\\\/rr-rieger.com\\\/wp-content\\\/uploads\\\/2024\\\/02\\\/Rieger_Logo_rgb.svg\",\"contentUrl\":\"https:\\\/\\\/rr-rieger.com\\\/wp-content\\\/uploads\\\/2024\\\/02\\\/Rieger_Logo_rgb.svg\",\"width\":321,\"height\":148,\"caption\":\"Gebr. Rieger GmbH + Co. KG\"},\"image\":{\"@id\":\"https:\\\/\\\/rr-rieger.com\\\/fr\\\/#\\\/schema\\\/logo\\\/image\\\/\"},\"sameAs\":[\"https:\\\/\\\/www.linkedin.com\\\/company\\\/gebr-rieger-gmbh-co-kg\",\"https:\\\/\\\/www.xing.com\\\/pages\\\/gebr-riegergmbh-co-kg\",\"https:\\\/\\\/www.youtube.com\\\/channel\\\/UCqQFMV0rzMqaov3sR3nNBqw\",\"https:\\\/\\\/vimeo.com\\\/gebrrieger\"]}]}<\/script>\n<!-- \/ Yoast SEO plugin. -->","yoast_head_json":{"title":"\u00c0 propos de Rieger | Rieger","robots":{"index":"index","follow":"follow","max-snippet":"max-snippet:-1","max-image-preview":"max-image-preview:large","max-video-preview":"max-video-preview:-1"},"canonical":"https:\/\/rr-rieger.com\/fr\/ueber-rieger\/","og_locale":"fr_FR","og_type":"article","og_title":"\u00c0 propos de Rieger | Rieger","og_description":"\u00c0 PROPOS DE RIEGER Rieger a \u00e9t\u00e9 fond\u00e9e en 1879 \u00e0 Aalen. Aujourd&rsquo;hui, Rieger s&rsquo;articule autour des secteurs de la technologie des processus et de la fonderie d&rsquo;aluminium et est membre du groupe Neumo Ehrenberg, actif dans le monde entier. Notre fonderie d&rsquo;aluminium produit des pi\u00e8ces moul\u00e9es en aluminium de la plus haute qualit\u00e9, qui [&hellip;]","og_url":"https:\/\/rr-rieger.com\/fr\/ueber-rieger\/","og_site_name":"Rieger","article_modified_time":"2024-07-02T07:11:58+00:00","og_image":[{"url":"https:\/\/rr-rieger.com\/wp-content\/uploads\/2024\/03\/about-scaled.jpg","type":"","width":"","height":""}],"twitter_card":"summary_large_image","twitter_misc":{"Dur\u00e9e de lecture estim\u00e9e":"1 minute"},"schema":{"@context":"https:\/\/schema.org","@graph":[{"@type":"WebPage","@id":"https:\/\/rr-rieger.com\/fr\/ueber-rieger\/","url":"https:\/\/rr-rieger.com\/fr\/ueber-rieger\/","name":"\u00c0 propos de Rieger | Rieger","isPartOf":{"@id":"https:\/\/rr-rieger.com\/fr\/#website"},"primaryImageOfPage":{"@id":"https:\/\/rr-rieger.com\/fr\/ueber-rieger\/#primaryimage"},"image":{"@id":"https:\/\/rr-rieger.com\/fr\/ueber-rieger\/#primaryimage"},"thumbnailUrl":"https:\/\/rr-rieger.com\/wp-content\/uploads\/2024\/03\/about-scaled.jpg","datePublished":"2024-03-14T13:51:16+00:00","dateModified":"2024-07-02T07:11:58+00:00","breadcrumb":{"@id":"https:\/\/rr-rieger.com\/fr\/ueber-rieger\/#breadcrumb"},"inLanguage":"fr-FR","potentialAction":[{"@type":"ReadAction","target":["https:\/\/rr-rieger.com\/fr\/ueber-rieger\/"]}]},{"@type":"ImageObject","inLanguage":"fr-FR","@id":"https:\/\/rr-rieger.com\/fr\/ueber-rieger\/#primaryimage","url":"https:\/\/rr-rieger.com\/wp-content\/uploads\/2024\/03\/about-scaled.jpg","contentUrl":"https:\/\/rr-rieger.com\/wp-content\/uploads\/2024\/03\/about-scaled.jpg"},{"@type":"BreadcrumbList","@id":"https:\/\/rr-rieger.com\/fr\/ueber-rieger\/#breadcrumb","itemListElement":[{"@type":"ListItem","position":1,"name":"Startseite","item":"https:\/\/rr-rieger.com\/fr\/page-daccueil\/"},{"@type":"ListItem","position":2,"name":"\u00c0 propos de Rieger"}]},{"@type":"WebSite","@id":"https:\/\/rr-rieger.com\/fr\/#website","url":"https:\/\/rr-rieger.com\/fr\/","name":"Rieger","description":"","publisher":{"@id":"https:\/\/rr-rieger.com\/fr\/#organization"},"potentialAction":[{"@type":"SearchAction","target":{"@type":"EntryPoint","urlTemplate":"https:\/\/rr-rieger.com\/fr\/?s={search_term_string}"},"query-input":{"@type":"PropertyValueSpecification","valueRequired":true,"valueName":"search_term_string"}}],"inLanguage":"fr-FR"},{"@type":"Organization","@id":"https:\/\/rr-rieger.com\/fr\/#organization","name":"Gebr. Rieger GmbH + Co. KG","alternateName":"Rieger Ventile","url":"https:\/\/rr-rieger.com\/fr\/","logo":{"@type":"ImageObject","inLanguage":"fr-FR","@id":"https:\/\/rr-rieger.com\/fr\/#\/schema\/logo\/image\/","url":"https:\/\/rr-rieger.com\/wp-content\/uploads\/2024\/02\/Rieger_Logo_rgb.svg","contentUrl":"https:\/\/rr-rieger.com\/wp-content\/uploads\/2024\/02\/Rieger_Logo_rgb.svg","width":321,"height":148,"caption":"Gebr. Rieger GmbH + Co. KG"},"image":{"@id":"https:\/\/rr-rieger.com\/fr\/#\/schema\/logo\/image\/"},"sameAs":["https:\/\/www.linkedin.com\/company\/gebr-rieger-gmbh-co-kg","https:\/\/www.xing.com\/pages\/gebr-riegergmbh-co-kg","https:\/\/www.youtube.com\/channel\/UCqQFMV0rzMqaov3sR3nNBqw","https:\/\/vimeo.com\/gebrrieger"]}]}},"_links":{"self":[{"href":"https:\/\/rr-rieger.com\/fr\/wp-json\/wp\/v2\/pages\/6878","targetHints":{"allow":["GET"]}}],"collection":[{"href":"https:\/\/rr-rieger.com\/fr\/wp-json\/wp\/v2\/pages"}],"about":[{"href":"https:\/\/rr-rieger.com\/fr\/wp-json\/wp\/v2\/types\/page"}],"author":[{"embeddable":true,"href":"https:\/\/rr-rieger.com\/fr\/wp-json\/wp\/v2\/users\/2"}],"replies":[{"embeddable":true,"href":"https:\/\/rr-rieger.com\/fr\/wp-json\/wp\/v2\/comments?post=6878"}],"version-history":[{"count":1,"href":"https:\/\/rr-rieger.com\/fr\/wp-json\/wp\/v2\/pages\/6878\/revisions"}],"predecessor-version":[{"id":6884,"href":"https:\/\/rr-rieger.com\/fr\/wp-json\/wp\/v2\/pages\/6878\/revisions\/6884"}],"wp:attachment":[{"href":"https:\/\/rr-rieger.com\/fr\/wp-json\/wp\/v2\/media?parent=6878"}],"curies":[{"name":"wp","href":"https:\/\/api.w.org\/{rel}","templated":true}]}}