{"id":2210,"date":"2024-03-14T14:51:16","date_gmt":"2024-03-14T13:51:16","guid":{"rendered":"https:\/\/rr-rieger.com\/rieger-acerca-de-rieger\/"},"modified":"2024-06-20T15:35:45","modified_gmt":"2024-06-20T13:35:45","slug":"rieger-acerca-de-rieger","status":"publish","type":"page","link":"https:\/\/rr-rieger.com\/es\/rieger-acerca-de-rieger\/","title":{"rendered":"Sobre Rieger"},"content":{"rendered":"\t\t<div data-elementor-type=\"wp-page\" data-elementor-id=\"2210\" class=\"elementor elementor-2210 elementor-818\" data-elementor-post-type=\"page\">\n\t\t\t\t<div class=\"elementor-element elementor-element-53cccd3 e-con-full elementor-hidden-tablet_extra elementor-hidden-tablet elementor-hidden-mobile e-flex e-con e-parent\" data-id=\"53cccd3\" data-element_type=\"container\" data-e-type=\"container\" data-settings=\"{&quot;background_background&quot;:&quot;video&quot;,&quot;jet_parallax_layout_list&quot;:[],&quot;background_video_link&quot;:&quot;https:\\\/\\\/rr-rieger.com\\\/wp-content\\\/uploads\\\/2024\\\/03\\\/about.mp4&quot;}\">\n\t\t<div class=\"elementor-background-video-container elementor-hidden-mobile\">\n\t\t\t\t\t\t\t<video class=\"elementor-background-video-hosted\" role=\"presentation\" autoplay muted playsinline loop><\/video>\n\t\t\t\t\t<\/div>\t\t<\/div>\n\t\t<div class=\"elementor-element elementor-element-206a3d9 e-flex e-con-boxed e-con e-parent\" data-id=\"206a3d9\" data-element_type=\"container\" data-e-type=\"container\" data-settings=\"{&quot;jet_parallax_layout_list&quot;:[]}\">\n\t\t\t\t\t<div class=\"e-con-inner\">\n\t\t\t\t<div class=\"elementor-element elementor-element-9a19642 elementor-widget__width-initial elementor-widget elementor-widget-heading\" data-id=\"9a19642\" data-element_type=\"widget\" data-e-type=\"widget\" data-widget_type=\"heading.default\">\n\t\t\t\t<div class=\"elementor-widget-container\">\n\t\t\t\t\t<h2 class=\"elementor-heading-title elementor-size-default\">ACERCA DE RIEGER<\/h2>\t\t\t\t<\/div>\n\t\t\t\t<\/div>\n\t\t<div class=\"elementor-element elementor-element-2348037 e-con-full e-flex e-con e-child\" data-id=\"2348037\" data-element_type=\"container\" data-e-type=\"container\" data-settings=\"{&quot;jet_parallax_layout_list&quot;:[]}\">\n\t\t\t\t<div class=\"elementor-element elementor-element-442948a elementor-widget__width-initial elementor-widget-tablet_extra__width-initial elementor-widget elementor-widget-text-editor\" data-id=\"442948a\" data-element_type=\"widget\" data-e-type=\"widget\" data-widget_type=\"text-editor.default\">\n\t\t\t\t<div class=\"elementor-widget-container\">\n\t\t\t\t\t\t\t\t\t<div class=\"col-md-8 mb-3\">\n<p>Rieger se fund\u00f3 en Aalen en 1879.<\/p>\n<p>En la actualidad, Rieger est\u00e1 dividida en las divisiones de Tecnolog\u00eda de Procesos y Fundici\u00f3n de Aluminio y es miembro del Grupo Neumo Ehrenberg, activo en todo el mundo. Nuestra fundici\u00f3n de aluminio produce piezas de fundici\u00f3n de aluminio de la m\u00e1xima calidad, que se utilizan en la industria del autom\u00f3vil y en ingenier\u00eda mec\u00e1nica. En el campo de la tecnolog\u00eda de procesos, tenemos mucho \u00e9xito en la fabricaci\u00f3n de v\u00e1lvulas, soluciones personalizadas como bloques de v\u00e1lvulas y estructuras de tuber\u00edas, as\u00ed como tecnolog\u00eda de plantas, incluidos colectores de v\u00e1lvulas, unidades, sistemas CIP y m\u00f3dulos plug-and-play de todo tipo.<\/p>\n<p>Todos los productos son de acero inoxidable. Nuestros clientes pueden elegir entre toda la gama de calidades de acero, desde AISI 301, AISI 316L hasta Hastelloy\u00ae y aleaciones especiales como 1.4529, 1.4539\/AL6XN.<\/p>\n<\/div>\n\t\t\t\t\t\t\t\t<\/div>\n\t\t\t\t<\/div>\n\t\t<div class=\"elementor-element elementor-element-4f19ab5 e-con-full e-flex e-con e-child\" data-id=\"4f19ab5\" data-element_type=\"container\" data-e-type=\"container\" data-settings=\"{&quot;jet_parallax_layout_list&quot;:[]}\">\n\t\t\t\t<div class=\"elementor-element elementor-element-f746791 elementor-widget elementor-widget-image\" data-id=\"f746791\" data-element_type=\"widget\" data-e-type=\"widget\" data-widget_type=\"image.default\">\n\t\t\t\t<div class=\"elementor-widget-container\">\n\t\t\t\t\t\t\t\t\t\t\t\t\t\t\t<img fetchpriority=\"high\" decoding=\"async\" width=\"2560\" height=\"1575\" src=\"https:\/\/rr-rieger.com\/wp-content\/uploads\/2024\/03\/about-scaled.jpg\" class=\"attachment-full size-full wp-image-2211\" alt=\"\" srcset=\"https:\/\/rr-rieger.com\/wp-content\/uploads\/2024\/03\/about-scaled.jpg 2560w, https:\/\/rr-rieger.com\/wp-content\/uploads\/2024\/03\/about-300x185.jpg 300w, https:\/\/rr-rieger.com\/wp-content\/uploads\/2024\/03\/about-1024x630.jpg 1024w, https:\/\/rr-rieger.com\/wp-content\/uploads\/2024\/03\/about-768x473.jpg 768w, https:\/\/rr-rieger.com\/wp-content\/uploads\/2024\/03\/about-1536x945.jpg 1536w, https:\/\/rr-rieger.com\/wp-content\/uploads\/2024\/03\/about-2048x1260.jpg 2048w\" sizes=\"(max-width: 2560px) 100vw, 2560px\" \/>\t\t\t\t\t\t\t\t\t\t\t\t\t\t\t<\/div>\n\t\t\t\t<\/div>\n\t\t\t\t<\/div>\n\t\t\t\t<\/div>\n\t\t\t\t\t<\/div>\n\t\t\t\t<\/div>\n\t\t<div class=\"elementor-element elementor-element-f484090 e-con-full e-flex e-con e-parent\" data-id=\"f484090\" data-element_type=\"container\" data-e-type=\"container\" data-settings=\"{&quot;jet_parallax_layout_list&quot;:[]}\">\n\t\t\t\t<div class=\"elementor-element elementor-element-829d573 elementor-widget elementor-widget-heading\" data-id=\"829d573\" data-element_type=\"widget\" data-e-type=\"widget\" data-widget_type=\"heading.default\">\n\t\t\t\t<div class=\"elementor-widget-container\">\n\t\t\t\t\t<h2 class=\"elementor-heading-title elementor-size-default\">HITOS<\/h2>\t\t\t\t<\/div>\n\t\t\t\t<\/div>\n\t\t<div class=\"elementor-element elementor-element-83b8bf3 e-con-full e-flex e-con e-child\" data-id=\"83b8bf3\" data-element_type=\"container\" data-e-type=\"container\" data-settings=\"{&quot;background_background&quot;:&quot;classic&quot;,&quot;jet_parallax_layout_list&quot;:[]}\">\n\t\t<div class=\"elementor-element elementor-element-c5ccc2a e-con-full e-flex e-con e-child\" data-id=\"c5ccc2a\" data-element_type=\"container\" data-e-type=\"container\" data-settings=\"{&quot;jet_parallax_layout_list&quot;:[]}\">\n\t\t\t\t<div class=\"elementor-element elementor-element-2533afd elementor-widget elementor-widget-image\" data-id=\"2533afd\" data-element_type=\"widget\" data-e-type=\"widget\" data-widget_type=\"image.default\">\n\t\t\t\t<div class=\"elementor-widget-container\">\n\t\t\t\t\t\t\t\t\t\t\t\t\t\t\t<img decoding=\"async\" width=\"1796\" height=\"5004\" src=\"https:\/\/rr-rieger.com\/wp-content\/uploads\/2024\/03\/milestonesTime_de.png\" class=\"attachment-full size-full wp-image-2213\" alt=\"\" srcset=\"https:\/\/rr-rieger.com\/wp-content\/uploads\/2024\/03\/milestonesTime_de.png 1796w, https:\/\/rr-rieger.com\/wp-content\/uploads\/2024\/03\/milestonesTime_de-108x300.png 108w, https:\/\/rr-rieger.com\/wp-content\/uploads\/2024\/03\/milestonesTime_de-368x1024.png 368w, https:\/\/rr-rieger.com\/wp-content\/uploads\/2024\/03\/milestonesTime_de-768x2140.png 768w, https:\/\/rr-rieger.com\/wp-content\/uploads\/2024\/03\/milestonesTime_de-551x1536.png 551w, https:\/\/rr-rieger.com\/wp-content\/uploads\/2024\/03\/milestonesTime_de-735x2048.png 735w\" sizes=\"(max-width: 1796px) 100vw, 1796px\" \/>\t\t\t\t\t\t\t\t\t\t\t\t\t\t\t<\/div>\n\t\t\t\t<\/div>\n\t\t\t\t<\/div>\n\t\t\t\t<\/div>\n\t\t\t\t<\/div>\n\t\t<div class=\"elementor-element elementor-element-281fb98 e-flex e-con-boxed e-con e-parent\" data-id=\"281fb98\" data-element_type=\"container\" data-e-type=\"container\" id=\"map-anchor\" data-settings=\"{&quot;jet_parallax_layout_list&quot;:[]}\">\n\t\t\t\t\t<div class=\"e-con-inner\">\n\t\t\t\t<div class=\"elementor-element elementor-element-b07d74b elementor-widget elementor-widget-heading\" data-id=\"b07d74b\" data-element_type=\"widget\" data-e-type=\"widget\" data-widget_type=\"heading.default\">\n\t\t\t\t<div class=\"elementor-widget-container\">\n\t\t\t\t\t<h2 class=\"elementor-heading-title elementor-size-default\">SU CONEXI\u00d3N CON EL MUNDO RIEGER<\/h2>\t\t\t\t<\/div>\n\t\t\t\t<\/div>\n\t\t\t\t<div class=\"elementor-element elementor-element-ed9b15e elementor-widget elementor-widget-jet-map\" data-id=\"ed9b15e\" data-element_type=\"widget\" data-e-type=\"widget\" data-widget_type=\"jet-map.default\">\n\t\t\t\t<div class=\"elementor-widget-container\">\n\t\t\t\t\t<div class=\"jet-map\" data-provider=\"google\" data-init=\"{&quot;center&quot;:{&quot;lat&quot;:39,&quot;lng&quot;:34},&quot;zoom&quot;:2,&quot;scrollwheel&quot;:false,&quot;zoomControl&quot;:true,&quot;pinsAutoClose&quot;:true,&quot;draggable&quot;:true,&quot;provider&quot;:&quot;google&quot;,&quot;fullscreenControl&quot;:true,&quot;streetViewControl&quot;:false,&quot;mapTypeControl&quot;:true,&quot;styles&quot;:[{&quot;featureType&quot;:&quot;administrative&quot;,&quot;elementType&quot;:&quot;labels.text.fill&quot;,&quot;stylers&quot;:[{&quot;color&quot;:&quot;#444444&quot;}]},{&quot;featureType&quot;:&quot;landscape&quot;,&quot;elementType&quot;:&quot;all&quot;,&quot;stylers&quot;:[{&quot;color&quot;:&quot;#f2f2f2&quot;}]},{&quot;featureType&quot;:&quot;poi&quot;,&quot;elementType&quot;:&quot;all&quot;,&quot;stylers&quot;:[{&quot;visibility&quot;:&quot;off&quot;}]},{&quot;featureType&quot;:&quot;road&quot;,&quot;elementType&quot;:&quot;all&quot;,&quot;stylers&quot;:[{&quot;saturation&quot;:-100},{&quot;lightness&quot;:45}]},{&quot;featureType&quot;:&quot;road.highway&quot;,&quot;elementType&quot;:&quot;all&quot;,&quot;stylers&quot;:[{&quot;visibility&quot;:&quot;simplified&quot;}]},{&quot;featureType&quot;:&quot;road.arterial&quot;,&quot;elementType&quot;:&quot;labels.icon&quot;,&quot;stylers&quot;:[{&quot;visibility&quot;:&quot;off&quot;}]},{&quot;featureType&quot;:&quot;transit&quot;,&quot;elementType&quot;:&quot;all&quot;,&quot;stylers&quot;:[{&quot;visibility&quot;:&quot;off&quot;}]},{&quot;featureType&quot;:&quot;water&quot;,&quot;elementType&quot;:&quot;all&quot;,&quot;stylers&quot;:[{&quot;color&quot;:&quot;#46bcec&quot;},{&quot;visibility&quot;:&quot;on&quot;}]}]}\" data-pins=\"[{&quot;address&quot;:&quot;Distrito 3 Qu\\u1eadn 3 H\\u1ed3 Ch\\u00ed Minh Vietnam&quot;,&quot;position&quot;:{&quot;lat&quot;:10.7833121,&quot;lng&quot;:106.6714905},&quot;desc&quot;:&quot;&lt;p&gt;Neumo (VN)&lt;\\\/p&gt;&quot;,&quot;state&quot;:&quot;visible&quot;},{&quot;address&quot;:&quot;Edificio 6, Gui nan Road n\\u00ba 1100 Distrito de Songjiang 201617 Shanghai&quot;,&quot;position&quot;:{&quot;lat&quot;:30.9725399,&quot;lng&quot;:121.16968},&quot;desc&quot;:&quot;&lt;p&gt;Neumo (CN)&lt;\\\/p&gt;&quot;,&quot;state&quot;:&quot;visible&quot;},{&quot;address&quot;:&quot;&quot;,&quot;position&quot;:{&quot;lat&quot;:33.007600420278884,&quot;lng&quot;:35.097269638804434},&quot;desc&quot;:&quot;&lt;p&gt;EGMO (IL)&lt;\\\/p&gt;&quot;,&quot;state&quot;:&quot;visible&quot;},{&quot;address&quot;:&quot;&quot;,&quot;position&quot;:{&quot;lat&quot;:55.74750440096691,&quot;lng&quot;:37.609110800996554},&quot;desc&quot;:&quot;&lt;p&gt;NEUMO (RU)&lt;\\\/p&gt;&quot;,&quot;state&quot;:&quot;visible&quot;},{&quot;address&quot;:&quot;Cluj-Napoca&quot;,&quot;position&quot;:{&quot;lat&quot;:46.7712101,&quot;lng&quot;:23.6236353},&quot;desc&quot;:&quot;&lt;p&gt;Ruman\\u00eda&lt;\\\/p&gt;&quot;,&quot;state&quot;:&quot;visible&quot;},{&quot;address&quot;:&quot;Budapest&quot;,&quot;position&quot;:{&quot;lat&quot;:47.497912,&quot;lng&quot;:19.040235},&quot;desc&quot;:&quot;&lt;p&gt;NEUMO (HU)&lt;\\\/p&gt;&quot;,&quot;state&quot;:&quot;visible&quot;},{&quot;address&quot;:&quot;Viena&quot;,&quot;position&quot;:{&quot;lat&quot;:48.20806959999999,&quot;lng&quot;:16.3713095},&quot;desc&quot;:&quot;&lt;p&gt;AWH (AT)&lt;\\\/p&gt;&quot;,&quot;state&quot;:&quot;visible&quot;},{&quot;address&quot;:&quot;Praga&quot;,&quot;position&quot;:{&quot;lat&quot;:50.0755381,&quot;lng&quot;:14.4378005},&quot;desc&quot;:&quot;&lt;p&gt;Rep\\u00fablica Checa&lt;\\\/p&gt;&quot;,&quot;state&quot;:&quot;visible&quot;},{&quot;address&quot;:&quot;Podtrzcianna&quot;,&quot;position&quot;:{&quot;lat&quot;:51.92048699999999,&quot;lng&quot;:20.1883127},&quot;desc&quot;:&quot;&lt;p&gt;NEUMO (PL)&lt;\\\/p&gt;&quot;,&quot;state&quot;:&quot;visible&quot;},{&quot;address&quot;:&quot;Danmarksvej 28 DK-8660 Skanderborg&quot;,&quot;position&quot;:{&quot;lat&quot;:56.0507224,&quot;lng&quot;:9.9514629},&quot;desc&quot;:&quot;&lt;p&gt;Presa de acero (SE)&lt;\\\/p&gt;&quot;,&quot;state&quot;:&quot;visible&quot;},{&quot;address&quot;:&quot;Schulstra\\u00dfe 5-6 D-39393 H\\u00f6tensleben&quot;,&quot;position&quot;:{&quot;lat&quot;:52.1205873,&quot;lng&quot;:11.0220188},&quot;desc&quot;:&quot;&lt;p&gt;AWH (DE)&lt;\\\/p&gt;&quot;,&quot;state&quot;:&quot;visible&quot;},{&quot;address&quot;:&quot;Kochertalstra\\u00dfe 32 D-73431 Aalen&quot;,&quot;position&quot;:{&quot;lat&quot;:48.8266651,&quot;lng&quot;:10.1138261},&quot;desc&quot;:&quot;&lt;p&gt;RIEGER (DE)&lt;\\\/p&gt;&quot;,&quot;state&quot;:&quot;visible&quot;},{&quot;address&quot;:&quot;Henry-Ehrenberg-Platz D-75438 Knittlingen&quot;,&quot;position&quot;:{&quot;lat&quot;:49.026135,&quot;lng&quot;:8.7507364},&quot;desc&quot;:&quot;&lt;p&gt;NEUMO (DE)&lt;\\\/p&gt;&quot;,&quot;state&quot;:&quot;visible&quot;},{&quot;address&quot;:&quot;Industriestrasse 2 CH-3210 Kerzers&quot;,&quot;position&quot;:{&quot;lat&quot;:46.9715908,&quot;lng&quot;:7.187371699999999},&quot;desc&quot;:&quot;&lt;p&gt;HERRLI (CH)&lt;\\\/p&gt;&quot;,&quot;state&quot;:&quot;visible&quot;},{&quot;address&quot;:&quot;Halesfield 4\\\/ Telford GB-Shropshire TF7 4AP&quot;,&quot;position&quot;:{&quot;lat&quot;:52.6424647,&quot;lng&quot;:-2.4254934},&quot;desc&quot;:&quot;&lt;p&gt;NEUMO (REINO UNIDO)&lt;\\\/p&gt;&quot;,&quot;state&quot;:&quot;visible&quot;},{&quot;address&quot;:&quot;Unidad 1, City Link Park Forge Hill, Cork, Irlanda&quot;,&quot;position&quot;:{&quot;lat&quot;:51.8708244,&quot;lng&quot;:-8.4825078},&quot;desc&quot;:&quot;&lt;p&gt;NEUMO (IE)&lt;\\\/p&gt;&quot;,&quot;state&quot;:&quot;visible&quot;},{&quot;address&quot;:&quot;1 Anaconda Drive Lago Katerine, NY 12449&quot;,&quot;position&quot;:{&quot;lat&quot;:41.9930161,&quot;lng&quot;:-73.991033},&quot;desc&quot;:&quot;&lt;p&gt;HPT (EEUU)&lt;\\\/p&gt;&quot;,&quot;state&quot;:&quot;visible&quot;},{&quot;address&quot;:&quot;1149 Barberry Drive Janesville, WI 53547-1698&quot;,&quot;position&quot;:{&quot;lat&quot;:42.7175844,&quot;lng&quot;:-89.01126710000001},&quot;desc&quot;:&quot;&lt;p&gt;VNE (EEUU)&lt;\\\/p&gt;&quot;,&quot;state&quot;:&quot;visible&quot;},{&quot;address&quot;:&quot;6121 Green Bay Road Suite 220 Kenosha, WI 53142&quot;,&quot;position&quot;:{&quot;lat&quot;:42.5799172,&quot;lng&quot;:-87.8837678},&quot;desc&quot;:&quot;&lt;p&gt;RIEGER (US)&lt;\\\/p&gt;&quot;,&quot;state&quot;:&quot;visible&quot;}]\"><\/div>\t\t\t\t<\/div>\n\t\t\t\t<\/div>\n\t\t\t\t<div class=\"elementor-element elementor-element-5713776 elementor-widget elementor-widget-text-editor\" data-id=\"5713776\" data-element_type=\"widget\" data-e-type=\"widget\" data-widget_type=\"text-editor.default\">\n\t\t\t\t<div class=\"elementor-widget-container\">\n\t\t\t\t\t\t\t\t\t<p>Para conocer m\u00e1s sucursales y productos del Grupo Neumo Ehrenberg, visite el sitio web oficial www.negflow.com.<\/p>\n<p>Atenci\u00f3n: al consultar este mapa, se intercambian datos con Google Maps.<br \/>Puedes encontrar m\u00e1s informaci\u00f3n al respecto en nuestra <a href=\"https:\/\/rr-rieger.com\/es\/?page_id=2241\" target=\"_blank\" rel=\"noopener\">pol\u00edtica de privacidad<\/a>.<\/p>\n\t\t\t\t\t\t\t\t<\/div>\n\t\t\t\t<\/div>\n\t\t\t\t\t<\/div>\n\t\t\t\t<\/div>\n\t\t\t\t<\/div>\n\t\t","protected":false},"excerpt":{"rendered":"<p>ACERCA DE RIEGER Rieger se fund\u00f3 en Aalen en 1879. En la actualidad, Rieger est\u00e1 dividida en las divisiones de Tecnolog\u00eda de Procesos y Fundici\u00f3n de Aluminio y es miembro del Grupo Neumo Ehrenberg, activo en todo el mundo. Nuestra fundici\u00f3n de aluminio produce piezas de fundici\u00f3n de aluminio de la m\u00e1xima calidad, que se [&hellip;]<\/p>\n","protected":false},"author":2,"featured_media":0,"parent":0,"menu_order":0,"comment_status":"closed","ping_status":"closed","template":"elementor_header_footer","meta":{"footnotes":""},"class_list":["post-2210","page","type-page","status-publish","hentry"],"yoast_head":"<!-- This site is optimized with the Yoast SEO plugin v27.5 - https:\/\/yoast.com\/product\/yoast-seo-wordpress\/ -->\n<title>Sobre Rieger | Rieger<\/title>\n<meta name=\"robots\" content=\"index, follow, max-snippet:-1, max-image-preview:large, max-video-preview:-1\" \/>\n<link rel=\"canonical\" href=\"https:\/\/rr-rieger.com\/es\/rieger-acerca-de-rieger\/\" \/>\n<meta property=\"og:locale\" content=\"es_ES\" \/>\n<meta property=\"og:type\" content=\"article\" \/>\n<meta property=\"og:title\" content=\"Sobre Rieger | Rieger\" \/>\n<meta property=\"og:description\" content=\"ACERCA DE RIEGER Rieger se fund\u00f3 en Aalen en 1879. En la actualidad, Rieger est\u00e1 dividida en las divisiones de Tecnolog\u00eda de Procesos y Fundici\u00f3n de Aluminio y es miembro del Grupo Neumo Ehrenberg, activo en todo el mundo. Nuestra fundici\u00f3n de aluminio produce piezas de fundici\u00f3n de aluminio de la m\u00e1xima calidad, que se [&hellip;]\" \/>\n<meta property=\"og:url\" content=\"https:\/\/rr-rieger.com\/es\/rieger-acerca-de-rieger\/\" \/>\n<meta property=\"og:site_name\" content=\"Rieger\" \/>\n<meta property=\"article:modified_time\" content=\"2024-06-20T13:35:45+00:00\" \/>\n<meta property=\"og:image\" content=\"https:\/\/rr-rieger.com\/wp-content\/uploads\/2024\/03\/about-scaled.jpg\" \/>\n<meta name=\"twitter:card\" content=\"summary_large_image\" \/>\n<meta name=\"twitter:label1\" content=\"Tiempo de lectura\" \/>\n\t<meta name=\"twitter:data1\" content=\"1 minuto\" \/>\n<script type=\"application\/ld+json\" class=\"yoast-schema-graph\">{\"@context\":\"https:\\\/\\\/schema.org\",\"@graph\":[{\"@type\":\"WebPage\",\"@id\":\"https:\\\/\\\/rr-rieger.com\\\/es\\\/rieger-acerca-de-rieger\\\/\",\"url\":\"https:\\\/\\\/rr-rieger.com\\\/es\\\/rieger-acerca-de-rieger\\\/\",\"name\":\"Sobre Rieger | Rieger\",\"isPartOf\":{\"@id\":\"https:\\\/\\\/rr-rieger.com\\\/es\\\/#website\"},\"primaryImageOfPage\":{\"@id\":\"https:\\\/\\\/rr-rieger.com\\\/es\\\/rieger-acerca-de-rieger\\\/#primaryimage\"},\"image\":{\"@id\":\"https:\\\/\\\/rr-rieger.com\\\/es\\\/rieger-acerca-de-rieger\\\/#primaryimage\"},\"thumbnailUrl\":\"https:\\\/\\\/rr-rieger.com\\\/wp-content\\\/uploads\\\/2024\\\/03\\\/about-scaled.jpg\",\"datePublished\":\"2024-03-14T13:51:16+00:00\",\"dateModified\":\"2024-06-20T13:35:45+00:00\",\"breadcrumb\":{\"@id\":\"https:\\\/\\\/rr-rieger.com\\\/es\\\/rieger-acerca-de-rieger\\\/#breadcrumb\"},\"inLanguage\":\"es\",\"potentialAction\":[{\"@type\":\"ReadAction\",\"target\":[\"https:\\\/\\\/rr-rieger.com\\\/es\\\/rieger-acerca-de-rieger\\\/\"]}]},{\"@type\":\"ImageObject\",\"inLanguage\":\"es\",\"@id\":\"https:\\\/\\\/rr-rieger.com\\\/es\\\/rieger-acerca-de-rieger\\\/#primaryimage\",\"url\":\"https:\\\/\\\/rr-rieger.com\\\/wp-content\\\/uploads\\\/2024\\\/03\\\/about-scaled.jpg\",\"contentUrl\":\"https:\\\/\\\/rr-rieger.com\\\/wp-content\\\/uploads\\\/2024\\\/03\\\/about-scaled.jpg\"},{\"@type\":\"BreadcrumbList\",\"@id\":\"https:\\\/\\\/rr-rieger.com\\\/es\\\/rieger-acerca-de-rieger\\\/#breadcrumb\",\"itemListElement\":[{\"@type\":\"ListItem\",\"position\":1,\"name\":\"Startseite\",\"item\":\"https:\\\/\\\/rr-rieger.com\\\/es\\\/pagina-de-inicio\\\/\"},{\"@type\":\"ListItem\",\"position\":2,\"name\":\"Sobre Rieger\"}]},{\"@type\":\"WebSite\",\"@id\":\"https:\\\/\\\/rr-rieger.com\\\/es\\\/#website\",\"url\":\"https:\\\/\\\/rr-rieger.com\\\/es\\\/\",\"name\":\"Rieger\",\"description\":\"\",\"publisher\":{\"@id\":\"https:\\\/\\\/rr-rieger.com\\\/es\\\/#organization\"},\"potentialAction\":[{\"@type\":\"SearchAction\",\"target\":{\"@type\":\"EntryPoint\",\"urlTemplate\":\"https:\\\/\\\/rr-rieger.com\\\/es\\\/?s={search_term_string}\"},\"query-input\":{\"@type\":\"PropertyValueSpecification\",\"valueRequired\":true,\"valueName\":\"search_term_string\"}}],\"inLanguage\":\"es\"},{\"@type\":\"Organization\",\"@id\":\"https:\\\/\\\/rr-rieger.com\\\/es\\\/#organization\",\"name\":\"Gebr. Rieger GmbH + Co. KG\",\"alternateName\":\"Rieger Ventile\",\"url\":\"https:\\\/\\\/rr-rieger.com\\\/es\\\/\",\"logo\":{\"@type\":\"ImageObject\",\"inLanguage\":\"es\",\"@id\":\"https:\\\/\\\/rr-rieger.com\\\/es\\\/#\\\/schema\\\/logo\\\/image\\\/\",\"url\":\"https:\\\/\\\/rr-rieger.com\\\/wp-content\\\/uploads\\\/2024\\\/02\\\/Rieger_Logo_rgb.svg\",\"contentUrl\":\"https:\\\/\\\/rr-rieger.com\\\/wp-content\\\/uploads\\\/2024\\\/02\\\/Rieger_Logo_rgb.svg\",\"width\":321,\"height\":148,\"caption\":\"Gebr. Rieger GmbH + Co. KG\"},\"image\":{\"@id\":\"https:\\\/\\\/rr-rieger.com\\\/es\\\/#\\\/schema\\\/logo\\\/image\\\/\"},\"sameAs\":[\"https:\\\/\\\/www.linkedin.com\\\/company\\\/gebr-rieger-gmbh-co-kg\",\"https:\\\/\\\/www.xing.com\\\/pages\\\/gebr-riegergmbh-co-kg\",\"https:\\\/\\\/www.youtube.com\\\/channel\\\/UCqQFMV0rzMqaov3sR3nNBqw\",\"https:\\\/\\\/vimeo.com\\\/gebrrieger\"]}]}<\/script>\n<!-- \/ Yoast SEO plugin. -->","yoast_head_json":{"title":"Sobre Rieger | Rieger","robots":{"index":"index","follow":"follow","max-snippet":"max-snippet:-1","max-image-preview":"max-image-preview:large","max-video-preview":"max-video-preview:-1"},"canonical":"https:\/\/rr-rieger.com\/es\/rieger-acerca-de-rieger\/","og_locale":"es_ES","og_type":"article","og_title":"Sobre Rieger | Rieger","og_description":"ACERCA DE RIEGER Rieger se fund\u00f3 en Aalen en 1879. En la actualidad, Rieger est\u00e1 dividida en las divisiones de Tecnolog\u00eda de Procesos y Fundici\u00f3n de Aluminio y es miembro del Grupo Neumo Ehrenberg, activo en todo el mundo. Nuestra fundici\u00f3n de aluminio produce piezas de fundici\u00f3n de aluminio de la m\u00e1xima calidad, que se [&hellip;]","og_url":"https:\/\/rr-rieger.com\/es\/rieger-acerca-de-rieger\/","og_site_name":"Rieger","article_modified_time":"2024-06-20T13:35:45+00:00","og_image":[{"url":"https:\/\/rr-rieger.com\/wp-content\/uploads\/2024\/03\/about-scaled.jpg","type":"","width":"","height":""}],"twitter_card":"summary_large_image","twitter_misc":{"Tiempo de lectura":"1 minuto"},"schema":{"@context":"https:\/\/schema.org","@graph":[{"@type":"WebPage","@id":"https:\/\/rr-rieger.com\/es\/rieger-acerca-de-rieger\/","url":"https:\/\/rr-rieger.com\/es\/rieger-acerca-de-rieger\/","name":"Sobre Rieger | Rieger","isPartOf":{"@id":"https:\/\/rr-rieger.com\/es\/#website"},"primaryImageOfPage":{"@id":"https:\/\/rr-rieger.com\/es\/rieger-acerca-de-rieger\/#primaryimage"},"image":{"@id":"https:\/\/rr-rieger.com\/es\/rieger-acerca-de-rieger\/#primaryimage"},"thumbnailUrl":"https:\/\/rr-rieger.com\/wp-content\/uploads\/2024\/03\/about-scaled.jpg","datePublished":"2024-03-14T13:51:16+00:00","dateModified":"2024-06-20T13:35:45+00:00","breadcrumb":{"@id":"https:\/\/rr-rieger.com\/es\/rieger-acerca-de-rieger\/#breadcrumb"},"inLanguage":"es","potentialAction":[{"@type":"ReadAction","target":["https:\/\/rr-rieger.com\/es\/rieger-acerca-de-rieger\/"]}]},{"@type":"ImageObject","inLanguage":"es","@id":"https:\/\/rr-rieger.com\/es\/rieger-acerca-de-rieger\/#primaryimage","url":"https:\/\/rr-rieger.com\/wp-content\/uploads\/2024\/03\/about-scaled.jpg","contentUrl":"https:\/\/rr-rieger.com\/wp-content\/uploads\/2024\/03\/about-scaled.jpg"},{"@type":"BreadcrumbList","@id":"https:\/\/rr-rieger.com\/es\/rieger-acerca-de-rieger\/#breadcrumb","itemListElement":[{"@type":"ListItem","position":1,"name":"Startseite","item":"https:\/\/rr-rieger.com\/es\/pagina-de-inicio\/"},{"@type":"ListItem","position":2,"name":"Sobre Rieger"}]},{"@type":"WebSite","@id":"https:\/\/rr-rieger.com\/es\/#website","url":"https:\/\/rr-rieger.com\/es\/","name":"Rieger","description":"","publisher":{"@id":"https:\/\/rr-rieger.com\/es\/#organization"},"potentialAction":[{"@type":"SearchAction","target":{"@type":"EntryPoint","urlTemplate":"https:\/\/rr-rieger.com\/es\/?s={search_term_string}"},"query-input":{"@type":"PropertyValueSpecification","valueRequired":true,"valueName":"search_term_string"}}],"inLanguage":"es"},{"@type":"Organization","@id":"https:\/\/rr-rieger.com\/es\/#organization","name":"Gebr. Rieger GmbH + Co. KG","alternateName":"Rieger Ventile","url":"https:\/\/rr-rieger.com\/es\/","logo":{"@type":"ImageObject","inLanguage":"es","@id":"https:\/\/rr-rieger.com\/es\/#\/schema\/logo\/image\/","url":"https:\/\/rr-rieger.com\/wp-content\/uploads\/2024\/02\/Rieger_Logo_rgb.svg","contentUrl":"https:\/\/rr-rieger.com\/wp-content\/uploads\/2024\/02\/Rieger_Logo_rgb.svg","width":321,"height":148,"caption":"Gebr. Rieger GmbH + Co. KG"},"image":{"@id":"https:\/\/rr-rieger.com\/es\/#\/schema\/logo\/image\/"},"sameAs":["https:\/\/www.linkedin.com\/company\/gebr-rieger-gmbh-co-kg","https:\/\/www.xing.com\/pages\/gebr-riegergmbh-co-kg","https:\/\/www.youtube.com\/channel\/UCqQFMV0rzMqaov3sR3nNBqw","https:\/\/vimeo.com\/gebrrieger"]}]}},"_links":{"self":[{"href":"https:\/\/rr-rieger.com\/es\/wp-json\/wp\/v2\/pages\/2210","targetHints":{"allow":["GET"]}}],"collection":[{"href":"https:\/\/rr-rieger.com\/es\/wp-json\/wp\/v2\/pages"}],"about":[{"href":"https:\/\/rr-rieger.com\/es\/wp-json\/wp\/v2\/types\/page"}],"author":[{"embeddable":true,"href":"https:\/\/rr-rieger.com\/es\/wp-json\/wp\/v2\/users\/2"}],"replies":[{"embeddable":true,"href":"https:\/\/rr-rieger.com\/es\/wp-json\/wp\/v2\/comments?post=2210"}],"version-history":[{"count":4,"href":"https:\/\/rr-rieger.com\/es\/wp-json\/wp\/v2\/pages\/2210\/revisions"}],"predecessor-version":[{"id":4561,"href":"https:\/\/rr-rieger.com\/es\/wp-json\/wp\/v2\/pages\/2210\/revisions\/4561"}],"wp:attachment":[{"href":"https:\/\/rr-rieger.com\/es\/wp-json\/wp\/v2\/media?parent=2210"}],"curies":[{"name":"wp","href":"https:\/\/api.w.org\/{rel}","templated":true}]}}