{"id":6885,"date":"2024-03-14T14:51:16","date_gmt":"2024-03-14T13:51:16","guid":{"rendered":"https:\/\/rr-rieger.com\/uber-rieger\/"},"modified":"2024-07-02T09:11:58","modified_gmt":"2024-07-02T07:11:58","slug":"uber-rieger","status":"publish","type":"page","link":"https:\/\/rr-rieger.com\/cs\/uber-rieger\/","title":{"rendered":"O spole\u010dnosti Rieger"},"content":{"rendered":"\t\t<div data-elementor-type=\"wp-page\" data-elementor-id=\"6885\" class=\"elementor elementor-6885 elementor-818\" data-elementor-post-type=\"page\">\n\t\t\t\t<div class=\"elementor-element elementor-element-53cccd3 e-con-full elementor-hidden-tablet_extra elementor-hidden-tablet elementor-hidden-mobile e-flex e-con e-parent\" data-id=\"53cccd3\" data-element_type=\"container\" data-e-type=\"container\" data-settings=\"{&quot;background_background&quot;:&quot;video&quot;,&quot;jet_parallax_layout_list&quot;:[],&quot;background_video_link&quot;:&quot;https:\\\/\\\/rr-rieger.com\\\/wp-content\\\/uploads\\\/2024\\\/03\\\/about.mp4&quot;}\">\n\t\t<div class=\"elementor-background-video-container elementor-hidden-mobile\">\n\t\t\t\t\t\t\t<video class=\"elementor-background-video-hosted\" role=\"presentation\" autoplay muted playsinline loop><\/video>\n\t\t\t\t\t<\/div>\t\t<\/div>\n\t\t<div class=\"elementor-element elementor-element-206a3d9 e-flex e-con-boxed e-con e-parent\" data-id=\"206a3d9\" data-element_type=\"container\" data-e-type=\"container\" data-settings=\"{&quot;jet_parallax_layout_list&quot;:[]}\">\n\t\t\t\t\t<div class=\"e-con-inner\">\n\t\t\t\t<div class=\"elementor-element elementor-element-9a19642 elementor-widget__width-initial elementor-widget elementor-widget-heading\" data-id=\"9a19642\" data-element_type=\"widget\" data-e-type=\"widget\" data-widget_type=\"heading.default\">\n\t\t\t\t<div class=\"elementor-widget-container\">\n\t\t\t\t\t<h2 class=\"elementor-heading-title elementor-size-default\">O SPOLE\u010cNOSTI RIEGER<\/h2>\t\t\t\t<\/div>\n\t\t\t\t<\/div>\n\t\t<div class=\"elementor-element elementor-element-2348037 e-con-full e-flex e-con e-child\" data-id=\"2348037\" data-element_type=\"container\" data-e-type=\"container\" data-settings=\"{&quot;jet_parallax_layout_list&quot;:[]}\">\n\t\t\t\t<div class=\"elementor-element elementor-element-442948a elementor-widget__width-initial elementor-widget-tablet_extra__width-initial elementor-widget elementor-widget-text-editor\" data-id=\"442948a\" data-element_type=\"widget\" data-e-type=\"widget\" data-widget_type=\"text-editor.default\">\n\t\t\t\t<div class=\"elementor-widget-container\">\n\t\t\t\t\t\t\t\t\t<div class=\"col-md-8 mb-3\">\n<p>Spole\u010dnost Rieger byla zalo\u017eena v roce 1879 ve m\u011bst\u011b Aalen.<\/p>\n<p>Dnes se spole\u010dnost Rieger d\u011bl\u00ed na divize procesn\u00ed techniky a sl\u00e9v\u00e1renstv\u00ed hlin\u00edku a je \u010dlenem celosv\u011btov\u011b p\u016fsob\u00edc\u00ed skupiny Neumo Ehrenberg. Na\u0161e sl\u00e9v\u00e1rna hlin\u00edku vyr\u00e1b\u00ed hlin\u00edkov\u00e9 odlitky nejvy\u0161\u0161\u00ed kvality, kter\u00e9 se pou\u017e\u00edvaj\u00ed v automobilov\u00e9m pr\u016fmyslu a ve stroj\u00edrenstv\u00ed. V oblasti procesn\u00ed techniky jsme velmi \u00fasp\u011b\u0161n\u00ed ve v\u00fdrob\u011b ventil\u016f, \u0159e\u0161en\u00ed na m\u00edru, jako jsou ventilov\u00e9 bloky a potrubn\u00ed konstrukce, a tak\u00e9 v oblasti technologie za\u0159\u00edzen\u00ed, v\u010detn\u011b ventilov\u00fdch rozd\u011blova\u010d\u016f, jednotek, syst\u00e9m\u016f CIP a modul\u016f plug-and-play v\u0161eho druhu.<\/p>\n<p>V\u0161echny v\u00fdrobky jsou vyrobeny z nerezov\u00e9 oceli. Na\u0161i z\u00e1kazn\u00edci si mohou vybrat z cel\u00e9 \u0159ady ocel\u00ed od AISI 301, AISI 316L a\u017e po Hastelloy\u00ae a speci\u00e1ln\u00ed slitiny, jako je 1.4529, 1.4539\/AL6XN.<\/p>\n<\/div>\n\t\t\t\t\t\t\t\t<\/div>\n\t\t\t\t<\/div>\n\t\t<div class=\"elementor-element elementor-element-4f19ab5 e-con-full e-flex e-con e-child\" data-id=\"4f19ab5\" data-element_type=\"container\" data-e-type=\"container\" data-settings=\"{&quot;jet_parallax_layout_list&quot;:[]}\">\n\t\t\t\t<div class=\"elementor-element elementor-element-f746791 elementor-widget elementor-widget-image\" data-id=\"f746791\" data-element_type=\"widget\" data-e-type=\"widget\" data-widget_type=\"image.default\">\n\t\t\t\t<div class=\"elementor-widget-container\">\n\t\t\t\t\t\t\t\t\t\t\t\t\t\t\t<img fetchpriority=\"high\" decoding=\"async\" width=\"2560\" height=\"1575\" src=\"https:\/\/rr-rieger.com\/wp-content\/uploads\/2024\/03\/about-scaled.jpg\" class=\"attachment-full size-full wp-image-6886\" alt=\"\" srcset=\"https:\/\/rr-rieger.com\/wp-content\/uploads\/2024\/03\/about-scaled.jpg 2560w, https:\/\/rr-rieger.com\/wp-content\/uploads\/2024\/03\/about-300x185.jpg 300w, https:\/\/rr-rieger.com\/wp-content\/uploads\/2024\/03\/about-1024x630.jpg 1024w, https:\/\/rr-rieger.com\/wp-content\/uploads\/2024\/03\/about-768x473.jpg 768w, https:\/\/rr-rieger.com\/wp-content\/uploads\/2024\/03\/about-1536x945.jpg 1536w, https:\/\/rr-rieger.com\/wp-content\/uploads\/2024\/03\/about-2048x1260.jpg 2048w\" sizes=\"(max-width: 2560px) 100vw, 2560px\" \/>\t\t\t\t\t\t\t\t\t\t\t\t\t\t\t<\/div>\n\t\t\t\t<\/div>\n\t\t\t\t<\/div>\n\t\t\t\t<\/div>\n\t\t\t\t\t<\/div>\n\t\t\t\t<\/div>\n\t\t<div class=\"elementor-element elementor-element-f484090 e-con-full e-flex e-con e-parent\" data-id=\"f484090\" data-element_type=\"container\" data-e-type=\"container\" data-settings=\"{&quot;jet_parallax_layout_list&quot;:[]}\">\n\t\t\t\t<div class=\"elementor-element elementor-element-829d573 elementor-widget elementor-widget-heading\" data-id=\"829d573\" data-element_type=\"widget\" data-e-type=\"widget\" data-widget_type=\"heading.default\">\n\t\t\t\t<div class=\"elementor-widget-container\">\n\t\t\t\t\t<h2 class=\"elementor-heading-title elementor-size-default\">MILESTONES<\/h2>\t\t\t\t<\/div>\n\t\t\t\t<\/div>\n\t\t<div class=\"elementor-element elementor-element-83b8bf3 e-con-full e-flex e-con e-child\" data-id=\"83b8bf3\" data-element_type=\"container\" data-e-type=\"container\" data-settings=\"{&quot;background_background&quot;:&quot;classic&quot;,&quot;jet_parallax_layout_list&quot;:[]}\">\n\t\t<div class=\"elementor-element elementor-element-c5ccc2a e-con-full e-flex e-con e-child\" data-id=\"c5ccc2a\" data-element_type=\"container\" data-e-type=\"container\" data-settings=\"{&quot;jet_parallax_layout_list&quot;:[]}\">\n\t\t\t\t<div class=\"elementor-element elementor-element-2533afd elementor-widget elementor-widget-image\" data-id=\"2533afd\" data-element_type=\"widget\" data-e-type=\"widget\" data-widget_type=\"image.default\">\n\t\t\t\t<div class=\"elementor-widget-container\">\n\t\t\t\t\t\t\t\t\t\t\t\t\t\t\t<img decoding=\"async\" width=\"1796\" height=\"5004\" src=\"https:\/\/rr-rieger.com\/wp-content\/uploads\/2024\/03\/milestonesTime_de.png\" class=\"attachment-full size-full wp-image-6888\" alt=\"\" srcset=\"https:\/\/rr-rieger.com\/wp-content\/uploads\/2024\/03\/milestonesTime_de.png 1796w, https:\/\/rr-rieger.com\/wp-content\/uploads\/2024\/03\/milestonesTime_de-108x300.png 108w, https:\/\/rr-rieger.com\/wp-content\/uploads\/2024\/03\/milestonesTime_de-368x1024.png 368w, https:\/\/rr-rieger.com\/wp-content\/uploads\/2024\/03\/milestonesTime_de-768x2140.png 768w, https:\/\/rr-rieger.com\/wp-content\/uploads\/2024\/03\/milestonesTime_de-551x1536.png 551w, https:\/\/rr-rieger.com\/wp-content\/uploads\/2024\/03\/milestonesTime_de-735x2048.png 735w\" sizes=\"(max-width: 1796px) 100vw, 1796px\" \/>\t\t\t\t\t\t\t\t\t\t\t\t\t\t\t<\/div>\n\t\t\t\t<\/div>\n\t\t\t\t<\/div>\n\t\t\t\t<\/div>\n\t\t\t\t<\/div>\n\t\t<div class=\"elementor-element elementor-element-281fb98 e-flex e-con-boxed e-con e-parent\" data-id=\"281fb98\" data-element_type=\"container\" data-e-type=\"container\" id=\"map-anchor\" data-settings=\"{&quot;jet_parallax_layout_list&quot;:[]}\">\n\t\t\t\t\t<div class=\"e-con-inner\">\n\t\t\t\t<div class=\"elementor-element elementor-element-b07d74b elementor-widget elementor-widget-heading\" data-id=\"b07d74b\" data-element_type=\"widget\" data-e-type=\"widget\" data-widget_type=\"heading.default\">\n\t\t\t\t<div class=\"elementor-widget-container\">\n\t\t\t\t\t<h2 class=\"elementor-heading-title elementor-size-default\">VA\u0160E SPOJEN\u00cd SE SV\u011aTEM RIEGER<\/h2>\t\t\t\t<\/div>\n\t\t\t\t<\/div>\n\t\t\t\t<div class=\"elementor-element elementor-element-ed9b15e elementor-widget elementor-widget-jet-map\" data-id=\"ed9b15e\" data-element_type=\"widget\" data-e-type=\"widget\" data-widget_type=\"jet-map.default\">\n\t\t\t\t<div class=\"elementor-widget-container\">\n\t\t\t\t\t<div class=\"jet-map\" data-provider=\"google\" data-init=\"{&quot;center&quot;:{&quot;lat&quot;:39,&quot;lng&quot;:34},&quot;zoom&quot;:2,&quot;scrollwheel&quot;:false,&quot;zoomControl&quot;:true,&quot;pinsAutoClose&quot;:true,&quot;draggable&quot;:true,&quot;provider&quot;:&quot;google&quot;,&quot;fullscreenControl&quot;:true,&quot;streetViewControl&quot;:false,&quot;mapTypeControl&quot;:true,&quot;styles&quot;:[{&quot;featureType&quot;:&quot;administrative&quot;,&quot;elementType&quot;:&quot;labels.text.fill&quot;,&quot;stylers&quot;:[{&quot;color&quot;:&quot;#444444&quot;}]},{&quot;featureType&quot;:&quot;landscape&quot;,&quot;elementType&quot;:&quot;all&quot;,&quot;stylers&quot;:[{&quot;color&quot;:&quot;#f2f2f2&quot;}]},{&quot;featureType&quot;:&quot;poi&quot;,&quot;elementType&quot;:&quot;all&quot;,&quot;stylers&quot;:[{&quot;visibility&quot;:&quot;off&quot;}]},{&quot;featureType&quot;:&quot;road&quot;,&quot;elementType&quot;:&quot;all&quot;,&quot;stylers&quot;:[{&quot;saturation&quot;:-100},{&quot;lightness&quot;:45}]},{&quot;featureType&quot;:&quot;road.highway&quot;,&quot;elementType&quot;:&quot;all&quot;,&quot;stylers&quot;:[{&quot;visibility&quot;:&quot;simplified&quot;}]},{&quot;featureType&quot;:&quot;road.arterial&quot;,&quot;elementType&quot;:&quot;labels.icon&quot;,&quot;stylers&quot;:[{&quot;visibility&quot;:&quot;off&quot;}]},{&quot;featureType&quot;:&quot;transit&quot;,&quot;elementType&quot;:&quot;all&quot;,&quot;stylers&quot;:[{&quot;visibility&quot;:&quot;off&quot;}]},{&quot;featureType&quot;:&quot;water&quot;,&quot;elementType&quot;:&quot;all&quot;,&quot;stylers&quot;:[{&quot;color&quot;:&quot;#46bcec&quot;},{&quot;visibility&quot;:&quot;on&quot;}]}]}\" data-pins=\"[{&quot;address&quot;:&quot;Okres 3 Qu\\u1eadn 3 H\\u1ed3 Ch\\u00ed Minh Vietnam&quot;,&quot;position&quot;:{&quot;lat&quot;:10.7833121,&quot;lng&quot;:106.6714905},&quot;desc&quot;:&quot;&lt;p&gt;Neumo (VN)&lt;\\\/p&gt;&quot;,&quot;state&quot;:&quot;visible&quot;},{&quot;address&quot;:&quot;Budova 6, Gui nan Road \\u010d. 1100 Songjiang District 201617 \\u0160anghaj&quot;,&quot;position&quot;:{&quot;lat&quot;:31.0337,&quot;lng&quot;:121.00874},&quot;desc&quot;:&quot;&lt;p&gt;Neumo (CN)&lt;\\\/p&gt;&quot;,&quot;state&quot;:&quot;visible&quot;},{&quot;address&quot;:&quot;&quot;,&quot;position&quot;:{&quot;lat&quot;:33.007600420278884,&quot;lng&quot;:35.097269638804434},&quot;desc&quot;:&quot;&lt;p&gt;EGMO (IL)&lt;\\\/p&gt;&quot;,&quot;state&quot;:&quot;visible&quot;},{&quot;address&quot;:&quot;&quot;,&quot;position&quot;:{&quot;lat&quot;:55.74750440096691,&quot;lng&quot;:37.609110800996554},&quot;desc&quot;:&quot;&lt;p&gt;NEUMO (RU)&lt;\\\/p&gt;&quot;,&quot;state&quot;:&quot;visible&quot;},{&quot;address&quot;:&quot;Cluj-Napoca&quot;,&quot;position&quot;:{&quot;lat&quot;:46.7712101,&quot;lng&quot;:23.6236353},&quot;desc&quot;:&quot;&lt;p&gt;Rumunsko&lt;\\\/p&gt;&quot;,&quot;state&quot;:&quot;visible&quot;},{&quot;address&quot;:&quot;Budape\\u0161\\u0165&quot;,&quot;position&quot;:{&quot;lat&quot;:47.497912,&quot;lng&quot;:19.040235},&quot;desc&quot;:&quot;&lt;p&gt;NEUMO (HU)&lt;\\\/p&gt;&quot;,&quot;state&quot;:&quot;visible&quot;},{&quot;address&quot;:&quot;V\\u00edde\\u0148&quot;,&quot;position&quot;:{&quot;lat&quot;:48.20806959999999,&quot;lng&quot;:16.3713095},&quot;desc&quot;:&quot;&lt;p&gt;AWH (AT)&lt;\\\/p&gt;&quot;,&quot;state&quot;:&quot;visible&quot;},{&quot;address&quot;:&quot;Praha&quot;,&quot;position&quot;:{&quot;lat&quot;:50.0755381,&quot;lng&quot;:14.4378005},&quot;desc&quot;:&quot;&lt;p&gt;\\u010cesk\\u00e1 republika&lt;\\\/p&gt;&quot;,&quot;state&quot;:&quot;visible&quot;},{&quot;address&quot;:&quot;Podtrzcianna&quot;,&quot;position&quot;:{&quot;lat&quot;:51.92048699999999,&quot;lng&quot;:20.1883127},&quot;desc&quot;:&quot;&lt;p&gt;NEUMO (PL)&lt;\\\/p&gt;&quot;,&quot;state&quot;:&quot;visible&quot;},{&quot;address&quot;:&quot;Danmarksvej 28 DK-8660 Skanderborg&quot;,&quot;position&quot;:{&quot;lat&quot;:56.0507224,&quot;lng&quot;:9.9514629},&quot;desc&quot;:&quot;&lt;p&gt;Ocelov\\u00e1 hr\\u00e1z (SE)&lt;\\\/p&gt;&quot;,&quot;state&quot;:&quot;visible&quot;},{&quot;address&quot;:&quot;Schulstra\\u00dfe 5-6 D-39393 H\\u00f6tensleben&quot;,&quot;position&quot;:{&quot;lat&quot;:52.1205873,&quot;lng&quot;:11.0220188},&quot;desc&quot;:&quot;&lt;p&gt;AWH (DE)&lt;\\\/p&gt;&quot;,&quot;state&quot;:&quot;visible&quot;},{&quot;address&quot;:&quot;Kochertalstra\\u00dfe 32 D-73431 Aalen&quot;,&quot;position&quot;:{&quot;lat&quot;:48.8266651,&quot;lng&quot;:10.1138261},&quot;desc&quot;:&quot;&lt;p&gt;RIEGER (DE)&lt;\\\/p&gt;&quot;,&quot;state&quot;:&quot;visible&quot;},{&quot;address&quot;:&quot;Henry-Ehrenberg-Platz D-75438 Knittlingen&quot;,&quot;position&quot;:{&quot;lat&quot;:49.026135,&quot;lng&quot;:8.7507364},&quot;desc&quot;:&quot;&lt;p&gt;NEUMO (DE)&lt;\\\/p&gt;&quot;,&quot;state&quot;:&quot;visible&quot;},{&quot;address&quot;:&quot;Industriestrasse 2 CH-3210 Kerzers&quot;,&quot;position&quot;:{&quot;lat&quot;:46.9715908,&quot;lng&quot;:7.187371699999999},&quot;desc&quot;:&quot;&lt;p&gt;HERRLI (CH)&lt;\\\/p&gt;&quot;,&quot;state&quot;:&quot;visible&quot;},{&quot;address&quot;:&quot;Halesfield 4\\\/ Telford GB-Shropshire TF7 4AP&quot;,&quot;position&quot;:{&quot;lat&quot;:52.6424647,&quot;lng&quot;:-2.4254934},&quot;desc&quot;:&quot;&lt;p&gt;NEUMO (VELK\\u00c1 BRIT\\u00c1NIE)&lt;\\\/p&gt;&quot;,&quot;state&quot;:&quot;visible&quot;},{&quot;address&quot;:&quot;Unit 1, City Link Park Forge Hill, Cork, Irsko&quot;,&quot;position&quot;:{&quot;lat&quot;:51.8707652,&quot;lng&quot;:-8.4833253},&quot;desc&quot;:&quot;&lt;p&gt;NEUMO (IE)&lt;\\\/p&gt;&quot;,&quot;state&quot;:&quot;visible&quot;},{&quot;address&quot;:&quot;1 Anaconda Drive Lake Katerine, NY 12449&quot;,&quot;position&quot;:{&quot;lat&quot;:41.9930161,&quot;lng&quot;:-73.991033},&quot;desc&quot;:&quot;&lt;p&gt;HPT (USA)&lt;\\\/p&gt;&quot;,&quot;state&quot;:&quot;visible&quot;},{&quot;address&quot;:&quot;1149 Barberry Drive Janesville, WI 53547-1698&quot;,&quot;position&quot;:{&quot;lat&quot;:42.7175844,&quot;lng&quot;:-89.01126710000001},&quot;desc&quot;:&quot;&lt;p&gt;VNE (USA)&lt;\\\/p&gt;&quot;,&quot;state&quot;:&quot;visible&quot;},{&quot;address&quot;:&quot;6121 Green Bay Road Suite 220 Kenosha, WI 53142&quot;,&quot;position&quot;:{&quot;lat&quot;:42.5799172,&quot;lng&quot;:-87.8837678},&quot;desc&quot;:&quot;&lt;p&gt;RIEGER (USA)&lt;\\\/p&gt;&quot;,&quot;state&quot;:&quot;visible&quot;}]\"><\/div>\t\t\t\t<\/div>\n\t\t\t\t<\/div>\n\t\t\t\t<div class=\"elementor-element elementor-element-5713776 elementor-widget elementor-widget-text-editor\" data-id=\"5713776\" data-element_type=\"widget\" data-e-type=\"widget\" data-widget_type=\"text-editor.default\">\n\t\t\t\t<div class=\"elementor-widget-container\">\n\t\t\t\t\t\t\t\t\t<p>Dal\u0161\u00ed pobo\u010dky a produkty skupiny Neumo Ehrenberg najdete na ofici\u00e1ln\u00edch webov\u00fdch str\u00e1nk\u00e1ch www.negflow.com.<\/p>\n<p>Upozorn\u011bn\u00ed: vyvol\u00e1n\u00edm t\u00e9to mapy dojde k v\u00fdm\u011bn\u011b dat s Mapami Google.<br \/>Dal\u0161\u00ed informace o tom najdete v na\u0161ich <a href=\"https:\/\/rr-rieger.com\/datenschutzerklaerung\/\" target=\"_blank\" rel=\"noopener\">z\u00e1sad\u00e1ch ochrany osobn\u00edch \u00fadaj\u016f<\/a>.<\/p>\n\t\t\t\t\t\t\t\t<\/div>\n\t\t\t\t<\/div>\n\t\t\t\t\t<\/div>\n\t\t\t\t<\/div>\n\t\t\t\t<\/div>\n\t\t","protected":false},"excerpt":{"rendered":"<p>O SPOLE\u010cNOSTI RIEGER Spole\u010dnost Rieger byla zalo\u017eena v roce 1879 ve m\u011bst\u011b Aalen. Dnes se spole\u010dnost Rieger d\u011bl\u00ed na divize procesn\u00ed techniky a sl\u00e9v\u00e1renstv\u00ed hlin\u00edku a je \u010dlenem celosv\u011btov\u011b p\u016fsob\u00edc\u00ed skupiny Neumo Ehrenberg. Na\u0161e sl\u00e9v\u00e1rna hlin\u00edku vyr\u00e1b\u00ed hlin\u00edkov\u00e9 odlitky nejvy\u0161\u0161\u00ed kvality, kter\u00e9 se pou\u017e\u00edvaj\u00ed v automobilov\u00e9m pr\u016fmyslu a ve stroj\u00edrenstv\u00ed. V oblasti procesn\u00ed techniky jsme [&hellip;]<\/p>\n","protected":false},"author":2,"featured_media":0,"parent":0,"menu_order":0,"comment_status":"closed","ping_status":"closed","template":"elementor_header_footer","meta":{"footnotes":""},"class_list":["post-6885","page","type-page","status-publish","hentry"],"yoast_head":"<!-- This site is optimized with the Yoast SEO plugin v27.5 - https:\/\/yoast.com\/product\/yoast-seo-wordpress\/ -->\n<title>O spole\u010dnosti Rieger | Rieger<\/title>\n<meta name=\"robots\" content=\"index, follow, max-snippet:-1, max-image-preview:large, max-video-preview:-1\" \/>\n<link rel=\"canonical\" href=\"https:\/\/rr-rieger.com\/cs\/uber-rieger\/\" \/>\n<meta property=\"og:locale\" content=\"cs_CZ\" \/>\n<meta property=\"og:type\" content=\"article\" \/>\n<meta property=\"og:title\" content=\"O spole\u010dnosti Rieger | Rieger\" \/>\n<meta property=\"og:description\" content=\"O SPOLE\u010cNOSTI RIEGER Spole\u010dnost Rieger byla zalo\u017eena v roce 1879 ve m\u011bst\u011b Aalen. Dnes se spole\u010dnost Rieger d\u011bl\u00ed na divize procesn\u00ed techniky a sl\u00e9v\u00e1renstv\u00ed hlin\u00edku a je \u010dlenem celosv\u011btov\u011b p\u016fsob\u00edc\u00ed skupiny Neumo Ehrenberg. Na\u0161e sl\u00e9v\u00e1rna hlin\u00edku vyr\u00e1b\u00ed hlin\u00edkov\u00e9 odlitky nejvy\u0161\u0161\u00ed kvality, kter\u00e9 se pou\u017e\u00edvaj\u00ed v automobilov\u00e9m pr\u016fmyslu a ve stroj\u00edrenstv\u00ed. V oblasti procesn\u00ed techniky jsme [&hellip;]\" \/>\n<meta property=\"og:url\" content=\"https:\/\/rr-rieger.com\/cs\/uber-rieger\/\" \/>\n<meta property=\"og:site_name\" content=\"Rieger\" \/>\n<meta property=\"article:modified_time\" content=\"2024-07-02T07:11:58+00:00\" \/>\n<meta property=\"og:image\" content=\"https:\/\/rr-rieger.com\/wp-content\/uploads\/2024\/03\/about-scaled.jpg\" \/>\n<meta name=\"twitter:card\" content=\"summary_large_image\" \/>\n<meta name=\"twitter:label1\" content=\"Odhadovan\u00e1 doba \u010dten\u00ed\" \/>\n\t<meta name=\"twitter:data1\" content=\"1 minuta\" \/>\n<script type=\"application\/ld+json\" class=\"yoast-schema-graph\">{\"@context\":\"https:\\\/\\\/schema.org\",\"@graph\":[{\"@type\":\"WebPage\",\"@id\":\"https:\\\/\\\/rr-rieger.com\\\/cs\\\/uber-rieger\\\/\",\"url\":\"https:\\\/\\\/rr-rieger.com\\\/cs\\\/uber-rieger\\\/\",\"name\":\"O spole\u010dnosti Rieger | Rieger\",\"isPartOf\":{\"@id\":\"https:\\\/\\\/rr-rieger.com\\\/cs\\\/#website\"},\"primaryImageOfPage\":{\"@id\":\"https:\\\/\\\/rr-rieger.com\\\/cs\\\/uber-rieger\\\/#primaryimage\"},\"image\":{\"@id\":\"https:\\\/\\\/rr-rieger.com\\\/cs\\\/uber-rieger\\\/#primaryimage\"},\"thumbnailUrl\":\"https:\\\/\\\/rr-rieger.com\\\/wp-content\\\/uploads\\\/2024\\\/03\\\/about-scaled.jpg\",\"datePublished\":\"2024-03-14T13:51:16+00:00\",\"dateModified\":\"2024-07-02T07:11:58+00:00\",\"breadcrumb\":{\"@id\":\"https:\\\/\\\/rr-rieger.com\\\/cs\\\/uber-rieger\\\/#breadcrumb\"},\"inLanguage\":\"cs\",\"potentialAction\":[{\"@type\":\"ReadAction\",\"target\":[\"https:\\\/\\\/rr-rieger.com\\\/cs\\\/uber-rieger\\\/\"]}]},{\"@type\":\"ImageObject\",\"inLanguage\":\"cs\",\"@id\":\"https:\\\/\\\/rr-rieger.com\\\/cs\\\/uber-rieger\\\/#primaryimage\",\"url\":\"https:\\\/\\\/rr-rieger.com\\\/wp-content\\\/uploads\\\/2024\\\/03\\\/about-scaled.jpg\",\"contentUrl\":\"https:\\\/\\\/rr-rieger.com\\\/wp-content\\\/uploads\\\/2024\\\/03\\\/about-scaled.jpg\"},{\"@type\":\"BreadcrumbList\",\"@id\":\"https:\\\/\\\/rr-rieger.com\\\/cs\\\/uber-rieger\\\/#breadcrumb\",\"itemListElement\":[{\"@type\":\"ListItem\",\"position\":1,\"name\":\"Startseite\",\"item\":\"https:\\\/\\\/rr-rieger.com\\\/cs\\\/domovska-stranka\\\/\"},{\"@type\":\"ListItem\",\"position\":2,\"name\":\"O spole\u010dnosti Rieger\"}]},{\"@type\":\"WebSite\",\"@id\":\"https:\\\/\\\/rr-rieger.com\\\/cs\\\/#website\",\"url\":\"https:\\\/\\\/rr-rieger.com\\\/cs\\\/\",\"name\":\"Rieger\",\"description\":\"\",\"publisher\":{\"@id\":\"https:\\\/\\\/rr-rieger.com\\\/cs\\\/#organization\"},\"potentialAction\":[{\"@type\":\"SearchAction\",\"target\":{\"@type\":\"EntryPoint\",\"urlTemplate\":\"https:\\\/\\\/rr-rieger.com\\\/cs\\\/?s={search_term_string}\"},\"query-input\":{\"@type\":\"PropertyValueSpecification\",\"valueRequired\":true,\"valueName\":\"search_term_string\"}}],\"inLanguage\":\"cs\"},{\"@type\":\"Organization\",\"@id\":\"https:\\\/\\\/rr-rieger.com\\\/cs\\\/#organization\",\"name\":\"Gebr. Rieger GmbH + Co. KG\",\"alternateName\":\"Rieger Ventile\",\"url\":\"https:\\\/\\\/rr-rieger.com\\\/cs\\\/\",\"logo\":{\"@type\":\"ImageObject\",\"inLanguage\":\"cs\",\"@id\":\"https:\\\/\\\/rr-rieger.com\\\/cs\\\/#\\\/schema\\\/logo\\\/image\\\/\",\"url\":\"https:\\\/\\\/rr-rieger.com\\\/wp-content\\\/uploads\\\/2024\\\/02\\\/Rieger_Logo_rgb.svg\",\"contentUrl\":\"https:\\\/\\\/rr-rieger.com\\\/wp-content\\\/uploads\\\/2024\\\/02\\\/Rieger_Logo_rgb.svg\",\"width\":321,\"height\":148,\"caption\":\"Gebr. Rieger GmbH + Co. KG\"},\"image\":{\"@id\":\"https:\\\/\\\/rr-rieger.com\\\/cs\\\/#\\\/schema\\\/logo\\\/image\\\/\"},\"sameAs\":[\"https:\\\/\\\/www.linkedin.com\\\/company\\\/gebr-rieger-gmbh-co-kg\",\"https:\\\/\\\/www.xing.com\\\/pages\\\/gebr-riegergmbh-co-kg\",\"https:\\\/\\\/www.youtube.com\\\/channel\\\/UCqQFMV0rzMqaov3sR3nNBqw\",\"https:\\\/\\\/vimeo.com\\\/gebrrieger\"]}]}<\/script>\n<!-- \/ Yoast SEO plugin. -->","yoast_head_json":{"title":"O spole\u010dnosti Rieger | Rieger","robots":{"index":"index","follow":"follow","max-snippet":"max-snippet:-1","max-image-preview":"max-image-preview:large","max-video-preview":"max-video-preview:-1"},"canonical":"https:\/\/rr-rieger.com\/cs\/uber-rieger\/","og_locale":"cs_CZ","og_type":"article","og_title":"O spole\u010dnosti Rieger | Rieger","og_description":"O SPOLE\u010cNOSTI RIEGER Spole\u010dnost Rieger byla zalo\u017eena v roce 1879 ve m\u011bst\u011b Aalen. Dnes se spole\u010dnost Rieger d\u011bl\u00ed na divize procesn\u00ed techniky a sl\u00e9v\u00e1renstv\u00ed hlin\u00edku a je \u010dlenem celosv\u011btov\u011b p\u016fsob\u00edc\u00ed skupiny Neumo Ehrenberg. Na\u0161e sl\u00e9v\u00e1rna hlin\u00edku vyr\u00e1b\u00ed hlin\u00edkov\u00e9 odlitky nejvy\u0161\u0161\u00ed kvality, kter\u00e9 se pou\u017e\u00edvaj\u00ed v automobilov\u00e9m pr\u016fmyslu a ve stroj\u00edrenstv\u00ed. V oblasti procesn\u00ed techniky jsme [&hellip;]","og_url":"https:\/\/rr-rieger.com\/cs\/uber-rieger\/","og_site_name":"Rieger","article_modified_time":"2024-07-02T07:11:58+00:00","og_image":[{"url":"https:\/\/rr-rieger.com\/wp-content\/uploads\/2024\/03\/about-scaled.jpg","type":"","width":"","height":""}],"twitter_card":"summary_large_image","twitter_misc":{"Odhadovan\u00e1 doba \u010dten\u00ed":"1 minuta"},"schema":{"@context":"https:\/\/schema.org","@graph":[{"@type":"WebPage","@id":"https:\/\/rr-rieger.com\/cs\/uber-rieger\/","url":"https:\/\/rr-rieger.com\/cs\/uber-rieger\/","name":"O spole\u010dnosti Rieger | Rieger","isPartOf":{"@id":"https:\/\/rr-rieger.com\/cs\/#website"},"primaryImageOfPage":{"@id":"https:\/\/rr-rieger.com\/cs\/uber-rieger\/#primaryimage"},"image":{"@id":"https:\/\/rr-rieger.com\/cs\/uber-rieger\/#primaryimage"},"thumbnailUrl":"https:\/\/rr-rieger.com\/wp-content\/uploads\/2024\/03\/about-scaled.jpg","datePublished":"2024-03-14T13:51:16+00:00","dateModified":"2024-07-02T07:11:58+00:00","breadcrumb":{"@id":"https:\/\/rr-rieger.com\/cs\/uber-rieger\/#breadcrumb"},"inLanguage":"cs","potentialAction":[{"@type":"ReadAction","target":["https:\/\/rr-rieger.com\/cs\/uber-rieger\/"]}]},{"@type":"ImageObject","inLanguage":"cs","@id":"https:\/\/rr-rieger.com\/cs\/uber-rieger\/#primaryimage","url":"https:\/\/rr-rieger.com\/wp-content\/uploads\/2024\/03\/about-scaled.jpg","contentUrl":"https:\/\/rr-rieger.com\/wp-content\/uploads\/2024\/03\/about-scaled.jpg"},{"@type":"BreadcrumbList","@id":"https:\/\/rr-rieger.com\/cs\/uber-rieger\/#breadcrumb","itemListElement":[{"@type":"ListItem","position":1,"name":"Startseite","item":"https:\/\/rr-rieger.com\/cs\/domovska-stranka\/"},{"@type":"ListItem","position":2,"name":"O spole\u010dnosti Rieger"}]},{"@type":"WebSite","@id":"https:\/\/rr-rieger.com\/cs\/#website","url":"https:\/\/rr-rieger.com\/cs\/","name":"Rieger","description":"","publisher":{"@id":"https:\/\/rr-rieger.com\/cs\/#organization"},"potentialAction":[{"@type":"SearchAction","target":{"@type":"EntryPoint","urlTemplate":"https:\/\/rr-rieger.com\/cs\/?s={search_term_string}"},"query-input":{"@type":"PropertyValueSpecification","valueRequired":true,"valueName":"search_term_string"}}],"inLanguage":"cs"},{"@type":"Organization","@id":"https:\/\/rr-rieger.com\/cs\/#organization","name":"Gebr. Rieger GmbH + Co. KG","alternateName":"Rieger Ventile","url":"https:\/\/rr-rieger.com\/cs\/","logo":{"@type":"ImageObject","inLanguage":"cs","@id":"https:\/\/rr-rieger.com\/cs\/#\/schema\/logo\/image\/","url":"https:\/\/rr-rieger.com\/wp-content\/uploads\/2024\/02\/Rieger_Logo_rgb.svg","contentUrl":"https:\/\/rr-rieger.com\/wp-content\/uploads\/2024\/02\/Rieger_Logo_rgb.svg","width":321,"height":148,"caption":"Gebr. Rieger GmbH + Co. KG"},"image":{"@id":"https:\/\/rr-rieger.com\/cs\/#\/schema\/logo\/image\/"},"sameAs":["https:\/\/www.linkedin.com\/company\/gebr-rieger-gmbh-co-kg","https:\/\/www.xing.com\/pages\/gebr-riegergmbh-co-kg","https:\/\/www.youtube.com\/channel\/UCqQFMV0rzMqaov3sR3nNBqw","https:\/\/vimeo.com\/gebrrieger"]}]}},"_links":{"self":[{"href":"https:\/\/rr-rieger.com\/cs\/wp-json\/wp\/v2\/pages\/6885","targetHints":{"allow":["GET"]}}],"collection":[{"href":"https:\/\/rr-rieger.com\/cs\/wp-json\/wp\/v2\/pages"}],"about":[{"href":"https:\/\/rr-rieger.com\/cs\/wp-json\/wp\/v2\/types\/page"}],"author":[{"embeddable":true,"href":"https:\/\/rr-rieger.com\/cs\/wp-json\/wp\/v2\/users\/2"}],"replies":[{"embeddable":true,"href":"https:\/\/rr-rieger.com\/cs\/wp-json\/wp\/v2\/comments?post=6885"}],"version-history":[{"count":1,"href":"https:\/\/rr-rieger.com\/cs\/wp-json\/wp\/v2\/pages\/6885\/revisions"}],"predecessor-version":[{"id":6889,"href":"https:\/\/rr-rieger.com\/cs\/wp-json\/wp\/v2\/pages\/6885\/revisions\/6889"}],"wp:attachment":[{"href":"https:\/\/rr-rieger.com\/cs\/wp-json\/wp\/v2\/media?parent=6885"}],"curies":[{"name":"wp","href":"https:\/\/api.w.org\/{rel}","templated":true}]}}