{"id":6501,"date":"2024-02-19T09:23:18","date_gmt":"2024-02-19T08:23:18","guid":{"rendered":"https:\/\/rr-rieger.com\/domovska-stranka\/"},"modified":"2026-02-25T11:00:35","modified_gmt":"2026-02-25T10:00:35","slug":"domovska-stranka","status":"publish","type":"page","link":"https:\/\/rr-rieger.com\/cs\/","title":{"rendered":"Domovsk\u00e1 str\u00e1nka"},"content":{"rendered":"\t\t<div data-elementor-type=\"wp-page\" data-elementor-id=\"6501\" class=\"elementor elementor-6501 elementor-12\" data-elementor-post-type=\"page\">\n\t\t\t\t<div class=\"elementor-element elementor-element-c097ba6 e-flex e-con-boxed e-con e-parent\" data-id=\"c097ba6\" data-element_type=\"container\" data-e-type=\"container\" data-settings=\"{&quot;jet_parallax_layout_list&quot;:[]}\">\n\t\t\t\t\t<div class=\"e-con-inner\">\n\t\t<div class=\"elementor-element elementor-element-318d82c e-flex e-con-boxed e-con e-child\" data-id=\"318d82c\" data-element_type=\"container\" data-e-type=\"container\" data-settings=\"{&quot;jet_parallax_layout_list&quot;:[]}\">\n\t\t\t\t\t<div class=\"e-con-inner\">\n\t\t<a class=\"elementor-element elementor-element-98d675e e-con-full e-flex e-con e-child\" data-id=\"98d675e\" data-element_type=\"container\" data-e-type=\"container\" data-settings=\"{&quot;background_background&quot;:&quot;classic&quot;,&quot;jet_parallax_layout_list&quot;:[]}\" href=\"https:\/\/rr-rieger.com\/cs\/procesni-technologie\/\">\n\t\t\t\t<div class=\"elementor-element elementor-element-0339acf elementor-widget elementor-widget-heading\" data-id=\"0339acf\" data-element_type=\"widget\" data-e-type=\"widget\" data-widget_type=\"heading.default\">\n\t\t\t\t<div class=\"elementor-widget-container\">\n\t\t\t\t\t<h2 class=\"elementor-heading-title elementor-size-default\">Procesn\u00ed technologie<\/h2>\t\t\t\t<\/div>\n\t\t\t\t<\/div>\n\t\t\t\t<\/a>\n\t\t<div class=\"elementor-element elementor-element-82658c5 e-con-full e-flex e-con e-child\" data-id=\"82658c5\" data-element_type=\"container\" data-e-type=\"container\" data-settings=\"{&quot;jet_parallax_layout_list&quot;:[]}\">\n\t\t<a class=\"elementor-element elementor-element-fb5c3ca e-con-full e-flex e-con e-child\" data-id=\"fb5c3ca\" data-element_type=\"container\" data-e-type=\"container\" data-settings=\"{&quot;background_background&quot;:&quot;classic&quot;,&quot;jet_parallax_layout_list&quot;:[]}\" href=\"https:\/\/rr-rieger.com\/cs\/slevarna-hliniku\/\">\n\t\t\t\t<div class=\"elementor-element elementor-element-45db9af elementor-widget elementor-widget-heading\" data-id=\"45db9af\" data-element_type=\"widget\" data-e-type=\"widget\" data-widget_type=\"heading.default\">\n\t\t\t\t<div class=\"elementor-widget-container\">\n\t\t\t\t\t<h2 class=\"elementor-heading-title elementor-size-default\">Sl\u00e9v\u00e1rna hlin\u00edku<\/h2>\t\t\t\t<\/div>\n\t\t\t\t<\/div>\n\t\t\t\t<\/a>\n\t\t<div class=\"elementor-element elementor-element-9c856f2 e-flex e-con-boxed e-con e-child\" data-id=\"9c856f2\" data-element_type=\"container\" data-e-type=\"container\" data-settings=\"{&quot;jet_parallax_layout_list&quot;:[]}\">\n\t\t\t\t\t<div class=\"e-con-inner\">\n\t\t<div class=\"elementor-element elementor-element-d707cb0 e-con-full e-flex e-con e-child\" data-id=\"d707cb0\" data-element_type=\"container\" data-e-type=\"container\" data-settings=\"{&quot;background_background&quot;:&quot;classic&quot;,&quot;jet_parallax_layout_list&quot;:[]}\">\n\t\t<a class=\"elementor-element elementor-element-08b11fc e-flex e-con-boxed e-con e-child\" data-id=\"08b11fc\" data-element_type=\"container\" data-e-type=\"container\" data-settings=\"{&quot;background_background&quot;:&quot;classic&quot;,&quot;jet_parallax_layout_list&quot;:[]}\" href=\"https:\/\/rr-rieger.com\/cs\/kariera\/\">\n\t\t\t\t\t<div class=\"e-con-inner\">\n\t\t\t\t<div class=\"elementor-element elementor-element-b93f222 elementor-widget elementor-widget-heading\" data-id=\"b93f222\" data-element_type=\"widget\" data-e-type=\"widget\" data-widget_type=\"heading.default\">\n\t\t\t\t<div class=\"elementor-widget-container\">\n\t\t\t\t\t<h2 class=\"elementor-heading-title elementor-size-default\">Kari\u00e9ra<\/h2>\t\t\t\t<\/div>\n\t\t\t\t<\/div>\n\t\t\t\t\t<\/div>\n\t\t\t\t<\/a>\n\t\t<div class=\"elementor-element elementor-element-4f0ba82 e-flex e-con-boxed e-con e-child\" data-id=\"4f0ba82\" data-element_type=\"container\" data-e-type=\"container\" data-settings=\"{&quot;background_background&quot;:&quot;classic&quot;,&quot;jet_parallax_layout_list&quot;:[]}\">\n\t\t\t\t\t<div class=\"e-con-inner\">\n\t\t\t\t\t<\/div>\n\t\t\t\t<\/div>\n\t\t\t\t<\/div>\n\t\t<div class=\"elementor-element elementor-element-bf76e32 e-flex e-con-boxed e-con e-child\" data-id=\"bf76e32\" data-element_type=\"container\" data-e-type=\"container\" data-settings=\"{&quot;background_background&quot;:&quot;video&quot;,&quot;background_video_link&quot;:&quot;https:\\\/\\\/rr-rieger.com\\\/wp-content\\\/uploads\\\/2024\\\/02\\\/home.mp4&quot;,&quot;background_play_on_mobile&quot;:&quot;yes&quot;,&quot;jet_parallax_layout_list&quot;:[]}\">\n\t\t\t\t\t<div class=\"e-con-inner\">\n\t\t<div class=\"elementor-background-video-container\">\n\t\t\t\t\t\t\t<video class=\"elementor-background-video-hosted\" role=\"presentation\" autoplay muted playsinline loop><\/video>\n\t\t\t\t\t<\/div>\t\t<div class=\"elementor-element elementor-element-91a0559 elementor-widget elementor-widget-spacer\" data-id=\"91a0559\" data-element_type=\"widget\" data-e-type=\"widget\" data-widget_type=\"spacer.default\">\n\t\t\t\t<div class=\"elementor-widget-container\">\n\t\t\t\t\t\t\t<div class=\"elementor-spacer\">\n\t\t\t<div class=\"elementor-spacer-inner\"><\/div>\n\t\t<\/div>\n\t\t\t\t\t\t<\/div>\n\t\t\t\t<\/div>\n\t\t\t\t\t<\/div>\n\t\t\t\t<\/div>\n\t\t\t\t\t<\/div>\n\t\t\t\t<\/div>\n\t\t\t\t<\/div>\n\t\t\t\t\t<\/div>\n\t\t\t\t<\/div>\n\t\t<div class=\"elementor-element elementor-element-f3326b6 e-flex e-con-boxed e-con e-child\" data-id=\"f3326b6\" data-element_type=\"container\" data-e-type=\"container\" data-settings=\"{&quot;jet_parallax_layout_list&quot;:[]}\">\n\t\t\t\t\t<div class=\"e-con-inner\">\n\t\t<div class=\"elementor-element elementor-element-b8c9e27 e-con-full e-flex e-con e-child\" data-id=\"b8c9e27\" data-element_type=\"container\" data-e-type=\"container\" data-settings=\"{&quot;jet_parallax_layout_list&quot;:[]}\">\n\t\t<div class=\"elementor-element elementor-element-a2e0495 e-con-full e-flex e-con e-child\" data-id=\"a2e0495\" data-element_type=\"container\" data-e-type=\"container\" data-settings=\"{&quot;background_background&quot;:&quot;classic&quot;,&quot;jet_parallax_layout_list&quot;:[]}\">\n\t\t<a class=\"elementor-element elementor-element-b3eb521 e-con-full e-flex e-con e-child\" data-id=\"b3eb521\" data-element_type=\"container\" data-e-type=\"container\" data-settings=\"{&quot;background_background&quot;:&quot;classic&quot;,&quot;jet_parallax_layout_list&quot;:[]}\" href=\"https:\/\/rr-rieger.com\/cs\/program-ventilu\/\">\n\t\t\t\t<div class=\"elementor-element elementor-element-3f5add2 elementor-widget elementor-widget-heading\" data-id=\"3f5add2\" data-element_type=\"widget\" data-e-type=\"widget\" data-widget_type=\"heading.default\">\n\t\t\t\t<div class=\"elementor-widget-container\">\n\t\t\t\t\t<h2 class=\"elementor-heading-title elementor-size-default\">Program ventil\u016f<\/h2>\t\t\t\t<\/div>\n\t\t\t\t<\/div>\n\t\t\t\t<\/a>\n\t\t<a class=\"elementor-element elementor-element-faaa662 e-con-full e-flex e-con e-child\" data-id=\"faaa662\" data-element_type=\"container\" data-e-type=\"container\" data-settings=\"{&quot;background_background&quot;:&quot;classic&quot;,&quot;jet_parallax_layout_list&quot;:[]}\" href=\"https:\/\/rr-rieger.com\/cs\/program-ventilu\/systemove-inzenyrstvi\/\">\n\t\t\t\t<div class=\"elementor-element elementor-element-2d99b5a elementor-widget elementor-widget-heading\" data-id=\"2d99b5a\" data-element_type=\"widget\" data-e-type=\"widget\" data-widget_type=\"heading.default\">\n\t\t\t\t<div class=\"elementor-widget-container\">\n\t\t\t\t\t<h2 class=\"elementor-heading-title elementor-size-default\">In\u017een\u00fdrstv\u00ed rostlin\n<\/h2>\t\t\t\t<\/div>\n\t\t\t\t<\/div>\n\t\t\t\t<\/a>\n\t\t<a class=\"elementor-element elementor-element-dbfdba4 e-con-full e-flex e-con e-child\" data-id=\"dbfdba4\" data-element_type=\"container\" data-e-type=\"container\" data-settings=\"{&quot;background_background&quot;:&quot;classic&quot;,&quot;jet_parallax_layout_list&quot;:[]}\" href=\"https:\/\/rr-rieger.com\/cs\/program-ventilu\/zakaznicka-reseni\/\">\n\t\t\t\t<div class=\"elementor-element elementor-element-c36d5c9 elementor-widget elementor-widget-heading\" data-id=\"c36d5c9\" data-element_type=\"widget\" data-e-type=\"widget\" data-widget_type=\"heading.default\">\n\t\t\t\t<div class=\"elementor-widget-container\">\n\t\t\t\t\t<h2 class=\"elementor-heading-title elementor-size-default\">\u0158e\u0161en\u00ed pro z\u00e1kazn\u00edky<\/h2>\t\t\t\t<\/div>\n\t\t\t\t<\/div>\n\t\t\t\t<\/a>\n\t\t\t\t<\/div>\n\t\t<div class=\"elementor-element elementor-element-3fc06a6 e-con-full e-flex e-con e-child\" data-id=\"3fc06a6\" data-element_type=\"container\" data-e-type=\"container\" data-settings=\"{&quot;jet_parallax_layout_list&quot;:[]}\">\n\t\t<a class=\"elementor-element elementor-element-b03edc9 e-con-full e-flex e-con e-child\" data-id=\"b03edc9\" data-element_type=\"container\" data-e-type=\"container\" data-settings=\"{&quot;background_background&quot;:&quot;classic&quot;,&quot;jet_parallax_layout_list&quot;:[]}\" width=\"20%\" href=\"https:\/\/rr-rieger.com\/cs\/ke-stazeni\/#download-anchor\">\n\t\t\t\t<div class=\"elementor-element elementor-element-9b68054 elementor-widget elementor-widget-heading\" data-id=\"9b68054\" data-element_type=\"widget\" data-e-type=\"widget\" data-widget_type=\"heading.default\">\n\t\t\t\t<div class=\"elementor-widget-container\">\n\t\t\t\t\t<h2 class=\"elementor-heading-title elementor-size-default\">Ke sta\u017een\u00ed na<\/h2>\t\t\t\t<\/div>\n\t\t\t\t<\/div>\n\t\t\t\t<\/a>\n\t\t<a class=\"elementor-element elementor-element-3541db1 e-con-full e-flex e-con e-child\" data-id=\"3541db1\" data-element_type=\"container\" data-e-type=\"container\" data-settings=\"{&quot;background_background&quot;:&quot;classic&quot;,&quot;jet_parallax_layout_list&quot;:[]}\" flex-basis=\"33%\" href=\"https:\/\/rr-rieger.com\/cs\/sluzba\/\">\n\t\t\t\t<div class=\"elementor-element elementor-element-eed1872 elementor-widget elementor-widget-heading\" data-id=\"eed1872\" data-element_type=\"widget\" data-e-type=\"widget\" data-widget_type=\"heading.default\">\n\t\t\t\t<div class=\"elementor-widget-container\">\n\t\t\t\t\t<h2 class=\"elementor-heading-title elementor-size-default\">Slu\u017eba<\/h2>\t\t\t\t<\/div>\n\t\t\t\t<\/div>\n\t\t\t\t<\/a>\n\t\t\t\t<\/div>\n\t\t\t\t<\/div>\n\t\t\t\t<div class=\"elementor-element elementor-element-79532a1 elementor-widget elementor-widget-html\" data-id=\"79532a1\" data-element_type=\"widget\" data-e-type=\"widget\" data-widget_type=\"html.default\">\n\t\t\t\t<div class=\"elementor-widget-container\">\n\t\t\t\t\t<script src=\"https:\/\/rr-rieger.com\/wp-content\/plugins\/rieger-user-migration-plugin\/assets\/js\/homepage-langswitch.js\"><\/script>\t\t\t\t<\/div>\n\t\t\t\t<\/div>\n\t\t<div class=\"elementor-element elementor-element-0da30b2 e-con-full e-flex e-con e-child\" data-id=\"0da30b2\" data-element_type=\"container\" data-e-type=\"container\" data-settings=\"{&quot;jet_parallax_layout_list&quot;:[]}\">\n\t\t<a class=\"elementor-element elementor-element-cbbdfa1 e-con-full e-flex e-con e-child\" data-id=\"cbbdfa1\" data-element_type=\"container\" data-e-type=\"container\" data-settings=\"{&quot;jet_parallax_layout_list&quot;:[],&quot;background_background&quot;:&quot;classic&quot;}\" href=\"https:\/\/rr-rieger.com\/cs\/uber-rieger\/#map-anchor\">\n\t\t\t\t<div class=\"elementor-element elementor-element-10eb39b elementor-widget elementor-widget-heading\" data-id=\"10eb39b\" data-element_type=\"widget\" data-e-type=\"widget\" data-widget_type=\"heading.default\">\n\t\t\t\t<div class=\"elementor-widget-container\">\n\t\t\t\t\t<h2 class=\"elementor-heading-title elementor-size-default\"><br>RIEGER WORLDWIDE<\/h2>\t\t\t\t<\/div>\n\t\t\t\t<\/div>\n\t\t\t\t<\/a>\n\t\t<div class=\"elementor-element elementor-element-1ccc5d4 e-con-full e-flex e-con e-child\" data-id=\"1ccc5d4\" data-element_type=\"container\" data-e-type=\"container\" data-settings=\"{&quot;jet_parallax_layout_list&quot;:[]}\">\n\t\t<a class=\"elementor-element elementor-element-f92451c e-con-full e-flex e-con e-child\" data-id=\"f92451c\" data-element_type=\"container\" data-e-type=\"container\" data-settings=\"{&quot;background_background&quot;:&quot;classic&quot;,&quot;jet_parallax_layout_list&quot;:[]}\" href=\"https:\/\/rr-rieger.com\/cs\/flow-products\/\">\n\t\t\t\t<div class=\"elementor-element elementor-element-364470f elementor-widget elementor-widget-heading\" data-id=\"364470f\" data-element_type=\"widget\" data-e-type=\"widget\" data-widget_type=\"heading.default\">\n\t\t\t\t<div class=\"elementor-widget-container\">\n\t\t\t\t\t<h2 class=\"elementor-heading-title elementor-size-default\">Rieger Severn\u00ed a Ji\u017en\u00ed Amerika<\/h2>\t\t\t\t<\/div>\n\t\t\t\t<\/div>\n\t\t\t\t<\/a>\n\t\t<div class=\"elementor-element elementor-element-da3ccde e-con-full e-flex e-con e-child\" data-id=\"da3ccde\" data-element_type=\"container\" data-e-type=\"container\" data-settings=\"{&quot;background_background&quot;:&quot;classic&quot;,&quot;jet_parallax_layout_list&quot;:[]}\">\n\t\t\t\t<div class=\"elementor-element elementor-element-32288f9 elementor-widget elementor-widget-heading\" data-id=\"32288f9\" data-element_type=\"widget\" data-e-type=\"widget\" data-widget_type=\"heading.default\">\n\t\t\t\t<div class=\"elementor-widget-container\">\n\t\t\t\t\t<h2 class=\"elementor-heading-title elementor-size-default\">Skupina Neumo Ehrenberg<\/h2>\t\t\t\t<\/div>\n\t\t\t\t<\/div>\n\t\t\t\t<\/div>\n\t\t\t\t<\/div>\n\t\t\t\t<\/div>\n\t\t\t\t\t<\/div>\n\t\t\t\t<\/div>\n\t\t\t\t\t<\/div>\n\t\t\t\t<\/div>\n\t\t\t\t<\/div>\n\t\t","protected":false},"excerpt":{"rendered":"<p>Procesn\u00ed technologie Sl\u00e9v\u00e1rna hlin\u00edku Kari\u00e9ra Program ventil\u016f In\u017een\u00fdrstv\u00ed rostlin \u0158e\u0161en\u00ed pro z\u00e1kazn\u00edky Ke sta\u017een\u00ed na Slu\u017eba RIEGER WORLDWIDE Rieger Severn\u00ed a Ji\u017en\u00ed Amerika Skupina Neumo Ehrenberg<\/p>\n","protected":false},"author":1,"featured_media":0,"parent":0,"menu_order":0,"comment_status":"closed","ping_status":"closed","template":"elementor_header_footer","meta":{"footnotes":""},"class_list":["post-6501","page","type-page","status-publish","hentry"],"yoast_head":"<!-- This site is optimized with the Yoast SEO plugin v27.4 - https:\/\/yoast.com\/product\/yoast-seo-wordpress\/ -->\n<title>Rieger | V\u00e1\u0161 partner v oblasti procesn\u00ed techniky<\/title>\n<meta name=\"description\" content=\"Gebr. Rieger v Aalenu: V\u00edce ne\u017e 100 let vyr\u00e1b\u00ed v\u00fdrobky z hlin\u00edku a nerezov\u00e9 oceli pro automobilov\u00fd, stroj\u00edrensk\u00fd, chemick\u00fd, farmaceutick\u00fd a potravin\u00e1\u0159sk\u00fd pr\u016fmysl.\" \/>\n<meta name=\"robots\" content=\"index, follow, max-snippet:-1, max-image-preview:large, max-video-preview:-1\" \/>\n<link rel=\"canonical\" href=\"https:\/\/rr-rieger.com\/cs\/\" \/>\n<meta property=\"og:locale\" content=\"cs_CZ\" \/>\n<meta property=\"og:type\" content=\"article\" \/>\n<meta property=\"og:title\" content=\"Rieger | V\u00e1\u0161 partner v oblasti procesn\u00ed techniky\" \/>\n<meta property=\"og:description\" content=\"Gebr. Rieger v Aalenu: V\u00edce ne\u017e 100 let vyr\u00e1b\u00ed v\u00fdrobky z hlin\u00edku a nerezov\u00e9 oceli pro automobilov\u00fd, stroj\u00edrensk\u00fd, chemick\u00fd, farmaceutick\u00fd a potravin\u00e1\u0159sk\u00fd pr\u016fmysl.\" \/>\n<meta property=\"og:url\" content=\"https:\/\/rr-rieger.com\/cs\/\" \/>\n<meta property=\"og:site_name\" content=\"Rieger\" \/>\n<meta property=\"article:modified_time\" content=\"2026-02-25T10:00:35+00:00\" \/>\n<meta property=\"og:image\" content=\"https:\/\/rr-rieger.com\/wp-content\/uploads\/2024\/04\/ventilknoten-2.jpeg\" \/>\n\t<meta property=\"og:image:width\" content=\"400\" \/>\n\t<meta property=\"og:image:height\" content=\"266\" \/>\n\t<meta property=\"og:image:type\" content=\"image\/jpeg\" \/>\n<meta name=\"twitter:card\" content=\"summary_large_image\" \/>\n<script type=\"application\/ld+json\" class=\"yoast-schema-graph\">{\"@context\":\"https:\\\/\\\/schema.org\",\"@graph\":[{\"@type\":\"WebPage\",\"@id\":\"https:\\\/\\\/rr-rieger.com\\\/cs\\\/\",\"url\":\"https:\\\/\\\/rr-rieger.com\\\/cs\\\/\",\"name\":\"Rieger | V\u00e1\u0161 partner v oblasti procesn\u00ed techniky\",\"isPartOf\":{\"@id\":\"https:\\\/\\\/rr-rieger.com\\\/cs\\\/#website\"},\"datePublished\":\"2024-02-19T08:23:18+00:00\",\"dateModified\":\"2026-02-25T10:00:35+00:00\",\"description\":\"Gebr. Rieger v Aalenu: V\u00edce ne\u017e 100 let vyr\u00e1b\u00ed v\u00fdrobky z hlin\u00edku a nerezov\u00e9 oceli pro automobilov\u00fd, stroj\u00edrensk\u00fd, chemick\u00fd, farmaceutick\u00fd a potravin\u00e1\u0159sk\u00fd pr\u016fmysl.\",\"breadcrumb\":{\"@id\":\"https:\\\/\\\/rr-rieger.com\\\/cs\\\/#breadcrumb\"},\"inLanguage\":\"cs\",\"potentialAction\":[{\"@type\":\"ReadAction\",\"target\":[\"https:\\\/\\\/rr-rieger.com\\\/cs\\\/\"]}]},{\"@type\":\"BreadcrumbList\",\"@id\":\"https:\\\/\\\/rr-rieger.com\\\/cs\\\/#breadcrumb\",\"itemListElement\":[{\"@type\":\"ListItem\",\"position\":1,\"name\":\"Startseite\",\"item\":\"https:\\\/\\\/rr-rieger.com\\\/cs\\\/domovska-stranka\\\/\"},{\"@type\":\"ListItem\",\"position\":2,\"name\":\"Domovsk\u00e1 str\u00e1nka\"}]},{\"@type\":\"WebSite\",\"@id\":\"https:\\\/\\\/rr-rieger.com\\\/cs\\\/#website\",\"url\":\"https:\\\/\\\/rr-rieger.com\\\/cs\\\/\",\"name\":\"Rieger\",\"description\":\"\",\"publisher\":{\"@id\":\"https:\\\/\\\/rr-rieger.com\\\/cs\\\/#organization\"},\"potentialAction\":[{\"@type\":\"SearchAction\",\"target\":{\"@type\":\"EntryPoint\",\"urlTemplate\":\"https:\\\/\\\/rr-rieger.com\\\/cs\\\/?s={search_term_string}\"},\"query-input\":{\"@type\":\"PropertyValueSpecification\",\"valueRequired\":true,\"valueName\":\"search_term_string\"}}],\"inLanguage\":\"cs\"},{\"@type\":\"Organization\",\"@id\":\"https:\\\/\\\/rr-rieger.com\\\/cs\\\/#organization\",\"name\":\"Gebr. Rieger GmbH + Co. KG\",\"alternateName\":\"Rieger Ventile\",\"url\":\"https:\\\/\\\/rr-rieger.com\\\/cs\\\/\",\"logo\":{\"@type\":\"ImageObject\",\"inLanguage\":\"cs\",\"@id\":\"https:\\\/\\\/rr-rieger.com\\\/cs\\\/#\\\/schema\\\/logo\\\/image\\\/\",\"url\":\"https:\\\/\\\/rr-rieger.com\\\/wp-content\\\/uploads\\\/2024\\\/02\\\/Rieger_Logo_rgb.svg\",\"contentUrl\":\"https:\\\/\\\/rr-rieger.com\\\/wp-content\\\/uploads\\\/2024\\\/02\\\/Rieger_Logo_rgb.svg\",\"width\":321,\"height\":148,\"caption\":\"Gebr. Rieger GmbH + Co. KG\"},\"image\":{\"@id\":\"https:\\\/\\\/rr-rieger.com\\\/cs\\\/#\\\/schema\\\/logo\\\/image\\\/\"},\"sameAs\":[\"https:\\\/\\\/www.linkedin.com\\\/company\\\/gebr-rieger-gmbh-co-kg\",\"https:\\\/\\\/www.xing.com\\\/pages\\\/gebr-riegergmbh-co-kg\",\"https:\\\/\\\/www.youtube.com\\\/channel\\\/UCqQFMV0rzMqaov3sR3nNBqw\",\"https:\\\/\\\/vimeo.com\\\/gebrrieger\"]}]}<\/script>\n<!-- \/ Yoast SEO plugin. -->","yoast_head_json":{"title":"Rieger | V\u00e1\u0161 partner v oblasti procesn\u00ed techniky","description":"Gebr. Rieger v Aalenu: V\u00edce ne\u017e 100 let vyr\u00e1b\u00ed v\u00fdrobky z hlin\u00edku a nerezov\u00e9 oceli pro automobilov\u00fd, stroj\u00edrensk\u00fd, chemick\u00fd, farmaceutick\u00fd a potravin\u00e1\u0159sk\u00fd pr\u016fmysl.","robots":{"index":"index","follow":"follow","max-snippet":"max-snippet:-1","max-image-preview":"max-image-preview:large","max-video-preview":"max-video-preview:-1"},"canonical":"https:\/\/rr-rieger.com\/cs\/","og_locale":"cs_CZ","og_type":"article","og_title":"Rieger | V\u00e1\u0161 partner v oblasti procesn\u00ed techniky","og_description":"Gebr. Rieger v Aalenu: V\u00edce ne\u017e 100 let vyr\u00e1b\u00ed v\u00fdrobky z hlin\u00edku a nerezov\u00e9 oceli pro automobilov\u00fd, stroj\u00edrensk\u00fd, chemick\u00fd, farmaceutick\u00fd a potravin\u00e1\u0159sk\u00fd pr\u016fmysl.","og_url":"https:\/\/rr-rieger.com\/cs\/","og_site_name":"Rieger","article_modified_time":"2026-02-25T10:00:35+00:00","og_image":[{"width":400,"height":266,"url":"https:\/\/rr-rieger.com\/wp-content\/uploads\/2024\/04\/ventilknoten-2.jpeg","type":"image\/jpeg"}],"twitter_card":"summary_large_image","schema":{"@context":"https:\/\/schema.org","@graph":[{"@type":"WebPage","@id":"https:\/\/rr-rieger.com\/cs\/","url":"https:\/\/rr-rieger.com\/cs\/","name":"Rieger | V\u00e1\u0161 partner v oblasti procesn\u00ed techniky","isPartOf":{"@id":"https:\/\/rr-rieger.com\/cs\/#website"},"datePublished":"2024-02-19T08:23:18+00:00","dateModified":"2026-02-25T10:00:35+00:00","description":"Gebr. Rieger v Aalenu: V\u00edce ne\u017e 100 let vyr\u00e1b\u00ed v\u00fdrobky z hlin\u00edku a nerezov\u00e9 oceli pro automobilov\u00fd, stroj\u00edrensk\u00fd, chemick\u00fd, farmaceutick\u00fd a potravin\u00e1\u0159sk\u00fd pr\u016fmysl.","breadcrumb":{"@id":"https:\/\/rr-rieger.com\/cs\/#breadcrumb"},"inLanguage":"cs","potentialAction":[{"@type":"ReadAction","target":["https:\/\/rr-rieger.com\/cs\/"]}]},{"@type":"BreadcrumbList","@id":"https:\/\/rr-rieger.com\/cs\/#breadcrumb","itemListElement":[{"@type":"ListItem","position":1,"name":"Startseite","item":"https:\/\/rr-rieger.com\/cs\/domovska-stranka\/"},{"@type":"ListItem","position":2,"name":"Domovsk\u00e1 str\u00e1nka"}]},{"@type":"WebSite","@id":"https:\/\/rr-rieger.com\/cs\/#website","url":"https:\/\/rr-rieger.com\/cs\/","name":"Rieger","description":"","publisher":{"@id":"https:\/\/rr-rieger.com\/cs\/#organization"},"potentialAction":[{"@type":"SearchAction","target":{"@type":"EntryPoint","urlTemplate":"https:\/\/rr-rieger.com\/cs\/?s={search_term_string}"},"query-input":{"@type":"PropertyValueSpecification","valueRequired":true,"valueName":"search_term_string"}}],"inLanguage":"cs"},{"@type":"Organization","@id":"https:\/\/rr-rieger.com\/cs\/#organization","name":"Gebr. Rieger GmbH + Co. KG","alternateName":"Rieger Ventile","url":"https:\/\/rr-rieger.com\/cs\/","logo":{"@type":"ImageObject","inLanguage":"cs","@id":"https:\/\/rr-rieger.com\/cs\/#\/schema\/logo\/image\/","url":"https:\/\/rr-rieger.com\/wp-content\/uploads\/2024\/02\/Rieger_Logo_rgb.svg","contentUrl":"https:\/\/rr-rieger.com\/wp-content\/uploads\/2024\/02\/Rieger_Logo_rgb.svg","width":321,"height":148,"caption":"Gebr. Rieger GmbH + Co. KG"},"image":{"@id":"https:\/\/rr-rieger.com\/cs\/#\/schema\/logo\/image\/"},"sameAs":["https:\/\/www.linkedin.com\/company\/gebr-rieger-gmbh-co-kg","https:\/\/www.xing.com\/pages\/gebr-riegergmbh-co-kg","https:\/\/www.youtube.com\/channel\/UCqQFMV0rzMqaov3sR3nNBqw","https:\/\/vimeo.com\/gebrrieger"]}]}},"_links":{"self":[{"href":"https:\/\/rr-rieger.com\/cs\/wp-json\/wp\/v2\/pages\/6501","targetHints":{"allow":["GET"]}}],"collection":[{"href":"https:\/\/rr-rieger.com\/cs\/wp-json\/wp\/v2\/pages"}],"about":[{"href":"https:\/\/rr-rieger.com\/cs\/wp-json\/wp\/v2\/types\/page"}],"author":[{"embeddable":true,"href":"https:\/\/rr-rieger.com\/cs\/wp-json\/wp\/v2\/users\/1"}],"replies":[{"embeddable":true,"href":"https:\/\/rr-rieger.com\/cs\/wp-json\/wp\/v2\/comments?post=6501"}],"version-history":[{"count":9,"href":"https:\/\/rr-rieger.com\/cs\/wp-json\/wp\/v2\/pages\/6501\/revisions"}],"predecessor-version":[{"id":10871,"href":"https:\/\/rr-rieger.com\/cs\/wp-json\/wp\/v2\/pages\/6501\/revisions\/10871"}],"wp:attachment":[{"href":"https:\/\/rr-rieger.com\/cs\/wp-json\/wp\/v2\/media?parent=6501"}],"curies":[{"name":"wp","href":"https:\/\/api.w.org\/{rel}","templated":true}]}}